{"id":9477,"date":"2022-12-20T11:05:17","date_gmt":"2022-12-20T10:05:17","guid":{"rendered":"https:\/\/alithis.ch\/?post_type=product&#038;p=9477"},"modified":"2022-12-20T14:32:21","modified_gmt":"2022-12-20T13:32:21","slug":"eu-datenschutz-basismodul-die-grundverordnung","status":"publish","type":"product","link":"https:\/\/alithis.ch\/de\/product\/eu-datenschutz-basismodul-die-grundverordnung\/","title":{"rendered":"EU-Datenschutz Basismodul \u2013 die Grundverordnung"},"content":{"rendered":"<p><strong>ZIELGRUPPE:<\/strong> Alle Mitarbeiter von Unternehmen, die personenbezogene Daten verarbeiten.<\/p>\n<p><strong>LERNZEIT:<\/strong> ca. 45 Minuten<\/p>\n<p><strong>INHALTE:<\/strong><\/p>\n<ul>\n<li>Einf\u00fchrung<\/li>\n<li>Rechtsgrundlagen<\/li>\n<li>Datenschutzbestimmungen in der Praxis<\/li>\n<li>Wissenstest<\/li>\n<\/ul>\n","protected":false},"excerpt":{"rendered":"<p>Die EU-Datenschutz-Grundverordnung (EU-DSGVO) ist eine<br \/>\nVerordnung der Europ\u00e4ischen Union, mit der die Regeln f\u00fcr<br \/>\ndie Verarbeitung von personenbezogenen Daten durch<br \/>\nprivate Unternehmen und \u00f6ffentliche Stellen EU-weit<br \/>\nvereinheitlicht werden. Dieses Modul ist f\u00fcr Mitarbeiter<br \/>\ngedacht, die in ihrer Arbeit st\u00e4ndig mit personenbezogenen<br \/>\nDaten, seien sie von Kunden oder Lieferanten, zu tun haben.<br \/>\nAber auch Mitarbeiter im Einkauf, in der Werbung oder im<br \/>\nMarketing sollten sich mit dem Thema Datenschutz befassen.<br \/>\nSie lernen u.a. die Ziele des Datenschutzes, die wichtigsten<br \/>\nRechtsgrundlagen und interessante<br \/>\nDatenschutzbestimmungen kennen.<\/p>\n","protected":false},"featured_media":9475,"template":"","meta":{"_monsterinsights_skip_tracking":false,"_monsterinsights_sitenote_active":false,"_monsterinsights_sitenote_note":"","_monsterinsights_sitenote_category":0},"product_brand":[],"product_cat":[1508],"product_tag":[1509,1510],"class_list":{"0":"post-9477","1":"product","2":"type-product","3":"status-publish","4":"has-post-thumbnail","6":"product_cat-compliance-2","7":"product_tag-compliance-de","8":"product_tag-e-learning-de","10":"first","11":"instock","12":"taxable","13":"shipping-taxable","14":"purchasable","15":"product-type-simple"},"yoast_head":"<!-- This site is optimized with the Yoast SEO plugin v27.4 - https:\/\/yoast.com\/product\/yoast-seo-wordpress\/ -->\n<title>EU-Datenschutz Basismodul \u2013 die Grundverordnung &#8211; Alithis | For trusts and non-profits we are your partner<\/title>\n<meta name=\"robots\" content=\"index, follow, max-snippet:-1, max-image-preview:large, max-video-preview:-1\" \/>\n<link rel=\"canonical\" href=\"https:\/\/alithis.ch\/de\/product\/eu-datenschutz-basismodul-die-grundverordnung\/\" \/>\n<meta property=\"og:locale\" content=\"de_DE\" \/>\n<meta property=\"og:type\" content=\"article\" \/>\n<meta property=\"og:title\" content=\"EU-Datenschutz Basismodul \u2013 die Grundverordnung &#8211; Alithis | For trusts and non-profits we are your partner\" \/>\n<meta property=\"og:description\" content=\"Die EU-Datenschutz-Grundverordnung (EU-DSGVO) ist eine Verordnung der Europ\u00e4ischen Union, mit der die Regeln f\u00fcr die Verarbeitung von personenbezogenen Daten durch private Unternehmen und \u00f6ffentliche Stellen EU-weit vereinheitlicht werden. Dieses Modul ist f\u00fcr Mitarbeiter gedacht, die in ihrer Arbeit st\u00e4ndig mit personenbezogenen Daten, seien sie von Kunden oder Lieferanten, zu tun haben. Aber auch Mitarbeiter im Einkauf, in der Werbung oder im Marketing sollten sich mit dem Thema Datenschutz befassen. Sie lernen u.a. die Ziele des Datenschutzes, die wichtigsten Rechtsgrundlagen und interessante Datenschutzbestimmungen kennen.\" \/>\n<meta property=\"og:url\" content=\"https:\/\/alithis.ch\/de\/product\/eu-datenschutz-basismodul-die-grundverordnung\/\" \/>\n<meta property=\"og:site_name\" content=\"Alithis | For trusts and non-profits we are your partner\" \/>\n<meta property=\"article:modified_time\" content=\"2022-12-20T13:32:21+00:00\" \/>\n<meta property=\"og:image\" content=\"https:\/\/alithis.ch\/wp-content\/uploads\/2022\/12\/vb_eu_datenschutz_basis_sitosx_de.png\" \/>\n\t<meta property=\"og:image:width\" content=\"800\" \/>\n\t<meta property=\"og:image:height\" content=\"600\" \/>\n\t<meta property=\"og:image:type\" content=\"image\/png\" \/>\n<meta name=\"twitter:card\" content=\"summary_large_image\" \/>\n<meta name=\"twitter:site\" content=\"@Alithis_Ltd\" \/>\n<meta name=\"twitter:label1\" content=\"Gesch\u00e4tzte Lesezeit\" \/>\n\t<meta name=\"twitter:data1\" content=\"1\u00a0Minute\" \/>\n<script type=\"application\/ld+json\" class=\"yoast-schema-graph\">{\"@context\":\"https:\\\/\\\/schema.org\",\"@graph\":[{\"@type\":\"WebPage\",\"@id\":\"https:\\\/\\\/alithis.ch\\\/de\\\/product\\\/eu-datenschutz-basismodul-die-grundverordnung\\\/\",\"url\":\"https:\\\/\\\/alithis.ch\\\/de\\\/product\\\/eu-datenschutz-basismodul-die-grundverordnung\\\/\",\"name\":\"EU-Datenschutz Basismodul \u2013 die Grundverordnung &#8211; Alithis | For trusts and non-profits we are your partner\",\"isPartOf\":{\"@id\":\"https:\\\/\\\/alithis.ch\\\/#website\"},\"primaryImageOfPage\":{\"@id\":\"https:\\\/\\\/alithis.ch\\\/de\\\/product\\\/eu-datenschutz-basismodul-die-grundverordnung\\\/#primaryimage\"},\"image\":{\"@id\":\"https:\\\/\\\/alithis.ch\\\/de\\\/product\\\/eu-datenschutz-basismodul-die-grundverordnung\\\/#primaryimage\"},\"thumbnailUrl\":\"https:\\\/\\\/i0.wp.com\\\/alithis.ch\\\/wp-content\\\/uploads\\\/2022\\\/12\\\/vb_eu_datenschutz_basis_sitosx_de-e1671615888130.png?fit=500%2C375&ssl=1\",\"datePublished\":\"2022-12-20T10:05:17+00:00\",\"dateModified\":\"2022-12-20T13:32:21+00:00\",\"breadcrumb\":{\"@id\":\"https:\\\/\\\/alithis.ch\\\/de\\\/product\\\/eu-datenschutz-basismodul-die-grundverordnung\\\/#breadcrumb\"},\"inLanguage\":\"de\",\"potentialAction\":[{\"@type\":\"ReadAction\",\"target\":[\"https:\\\/\\\/alithis.ch\\\/de\\\/product\\\/eu-datenschutz-basismodul-die-grundverordnung\\\/\"]}]},{\"@type\":\"ImageObject\",\"inLanguage\":\"de\",\"@id\":\"https:\\\/\\\/alithis.ch\\\/de\\\/product\\\/eu-datenschutz-basismodul-die-grundverordnung\\\/#primaryimage\",\"url\":\"https:\\\/\\\/i0.wp.com\\\/alithis.ch\\\/wp-content\\\/uploads\\\/2022\\\/12\\\/vb_eu_datenschutz_basis_sitosx_de-e1671615888130.png?fit=500%2C375&ssl=1\",\"contentUrl\":\"https:\\\/\\\/i0.wp.com\\\/alithis.ch\\\/wp-content\\\/uploads\\\/2022\\\/12\\\/vb_eu_datenschutz_basis_sitosx_de-e1671615888130.png?fit=500%2C375&ssl=1\",\"width\":500,\"height\":375,\"caption\":\"EU-Datenschutz Basismodul \u2013 die Grundverordnung\"},{\"@type\":\"BreadcrumbList\",\"@id\":\"https:\\\/\\\/alithis.ch\\\/de\\\/product\\\/eu-datenschutz-basismodul-die-grundverordnung\\\/#breadcrumb\",\"itemListElement\":[{\"@type\":\"ListItem\",\"position\":1,\"name\":\"Home\",\"item\":\"https:\\\/\\\/alithis.ch\\\/de\\\/\"},{\"@type\":\"ListItem\",\"position\":2,\"name\":\"Compliance E-Learning\",\"item\":\"https:\\\/\\\/alithis.ch\\\/de\\\/compliance-e-learning\\\/\"},{\"@type\":\"ListItem\",\"position\":3,\"name\":\"EU-Datenschutz Basismodul \u2013 die Grundverordnung\"}]},{\"@type\":\"WebSite\",\"@id\":\"https:\\\/\\\/alithis.ch\\\/#website\",\"url\":\"https:\\\/\\\/alithis.ch\\\/\",\"name\":\"Alithis | For trusts and non-profits we are your partner\",\"description\":\"For trusts and non-profits we are your partner\",\"publisher\":{\"@id\":\"https:\\\/\\\/alithis.ch\\\/#organization\"},\"potentialAction\":[{\"@type\":\"SearchAction\",\"target\":{\"@type\":\"EntryPoint\",\"urlTemplate\":\"https:\\\/\\\/alithis.ch\\\/?s={search_term_string}\"},\"query-input\":{\"@type\":\"PropertyValueSpecification\",\"valueRequired\":true,\"valueName\":\"search_term_string\"}}],\"inLanguage\":\"de\"},{\"@type\":\"Organization\",\"@id\":\"https:\\\/\\\/alithis.ch\\\/#organization\",\"name\":\"Alithis AG\",\"url\":\"https:\\\/\\\/alithis.ch\\\/\",\"logo\":{\"@type\":\"ImageObject\",\"inLanguage\":\"de\",\"@id\":\"https:\\\/\\\/alithis.ch\\\/#\\\/schema\\\/logo\\\/image\\\/\",\"url\":\"https:\\\/\\\/i1.wp.com\\\/alithis.ch\\\/wp-content\\\/uploads\\\/2018\\\/10\\\/FINAL_Alithis_Logo_greenBG-01.png?fit=3508%2C944&ssl=1\",\"contentUrl\":\"https:\\\/\\\/i1.wp.com\\\/alithis.ch\\\/wp-content\\\/uploads\\\/2018\\\/10\\\/FINAL_Alithis_Logo_greenBG-01.png?fit=3508%2C944&ssl=1\",\"width\":3508,\"height\":944,\"caption\":\"Alithis AG\"},\"image\":{\"@id\":\"https:\\\/\\\/alithis.ch\\\/#\\\/schema\\\/logo\\\/image\\\/\"},\"sameAs\":[\"https:\\\/\\\/x.com\\\/Alithis_Ltd\",\"https:\\\/\\\/www.linkedin.com\\\/company\\\/alithis\\\/\"]}]}<\/script>\n<!-- \/ Yoast SEO plugin. -->","yoast_head_json":{"title":"EU-Datenschutz Basismodul \u2013 die Grundverordnung &#8211; Alithis | For trusts and non-profits we are your partner","robots":{"index":"index","follow":"follow","max-snippet":"max-snippet:-1","max-image-preview":"max-image-preview:large","max-video-preview":"max-video-preview:-1"},"canonical":"https:\/\/alithis.ch\/de\/product\/eu-datenschutz-basismodul-die-grundverordnung\/","og_locale":"de_DE","og_type":"article","og_title":"EU-Datenschutz Basismodul \u2013 die Grundverordnung &#8211; Alithis | For trusts and non-profits we are your partner","og_description":"Die EU-Datenschutz-Grundverordnung (EU-DSGVO) ist eine Verordnung der Europ\u00e4ischen Union, mit der die Regeln f\u00fcr die Verarbeitung von personenbezogenen Daten durch private Unternehmen und \u00f6ffentliche Stellen EU-weit vereinheitlicht werden. Dieses Modul ist f\u00fcr Mitarbeiter gedacht, die in ihrer Arbeit st\u00e4ndig mit personenbezogenen Daten, seien sie von Kunden oder Lieferanten, zu tun haben. Aber auch Mitarbeiter im Einkauf, in der Werbung oder im Marketing sollten sich mit dem Thema Datenschutz befassen. Sie lernen u.a. die Ziele des Datenschutzes, die wichtigsten Rechtsgrundlagen und interessante Datenschutzbestimmungen kennen.","og_url":"https:\/\/alithis.ch\/de\/product\/eu-datenschutz-basismodul-die-grundverordnung\/","og_site_name":"Alithis | For trusts and non-profits we are your partner","article_modified_time":"2022-12-20T13:32:21+00:00","og_image":[{"width":800,"height":600,"url":"https:\/\/alithis.ch\/wp-content\/uploads\/2022\/12\/vb_eu_datenschutz_basis_sitosx_de.png","type":"image\/png"}],"twitter_card":"summary_large_image","twitter_site":"@Alithis_Ltd","twitter_misc":{"Gesch\u00e4tzte Lesezeit":"1\u00a0Minute"},"schema":{"@context":"https:\/\/schema.org","@graph":[{"@type":"WebPage","@id":"https:\/\/alithis.ch\/de\/product\/eu-datenschutz-basismodul-die-grundverordnung\/","url":"https:\/\/alithis.ch\/de\/product\/eu-datenschutz-basismodul-die-grundverordnung\/","name":"EU-Datenschutz Basismodul \u2013 die Grundverordnung &#8211; Alithis | For trusts and non-profits we are your partner","isPartOf":{"@id":"https:\/\/alithis.ch\/#website"},"primaryImageOfPage":{"@id":"https:\/\/alithis.ch\/de\/product\/eu-datenschutz-basismodul-die-grundverordnung\/#primaryimage"},"image":{"@id":"https:\/\/alithis.ch\/de\/product\/eu-datenschutz-basismodul-die-grundverordnung\/#primaryimage"},"thumbnailUrl":"https:\/\/i0.wp.com\/alithis.ch\/wp-content\/uploads\/2022\/12\/vb_eu_datenschutz_basis_sitosx_de-e1671615888130.png?fit=500%2C375&ssl=1","datePublished":"2022-12-20T10:05:17+00:00","dateModified":"2022-12-20T13:32:21+00:00","breadcrumb":{"@id":"https:\/\/alithis.ch\/de\/product\/eu-datenschutz-basismodul-die-grundverordnung\/#breadcrumb"},"inLanguage":"de","potentialAction":[{"@type":"ReadAction","target":["https:\/\/alithis.ch\/de\/product\/eu-datenschutz-basismodul-die-grundverordnung\/"]}]},{"@type":"ImageObject","inLanguage":"de","@id":"https:\/\/alithis.ch\/de\/product\/eu-datenschutz-basismodul-die-grundverordnung\/#primaryimage","url":"https:\/\/i0.wp.com\/alithis.ch\/wp-content\/uploads\/2022\/12\/vb_eu_datenschutz_basis_sitosx_de-e1671615888130.png?fit=500%2C375&ssl=1","contentUrl":"https:\/\/i0.wp.com\/alithis.ch\/wp-content\/uploads\/2022\/12\/vb_eu_datenschutz_basis_sitosx_de-e1671615888130.png?fit=500%2C375&ssl=1","width":500,"height":375,"caption":"EU-Datenschutz Basismodul \u2013 die Grundverordnung"},{"@type":"BreadcrumbList","@id":"https:\/\/alithis.ch\/de\/product\/eu-datenschutz-basismodul-die-grundverordnung\/#breadcrumb","itemListElement":[{"@type":"ListItem","position":1,"name":"Home","item":"https:\/\/alithis.ch\/de\/"},{"@type":"ListItem","position":2,"name":"Compliance E-Learning","item":"https:\/\/alithis.ch\/de\/compliance-e-learning\/"},{"@type":"ListItem","position":3,"name":"EU-Datenschutz Basismodul \u2013 die Grundverordnung"}]},{"@type":"WebSite","@id":"https:\/\/alithis.ch\/#website","url":"https:\/\/alithis.ch\/","name":"Alithis | For trusts and non-profits we are your partner","description":"For trusts and non-profits we are your partner","publisher":{"@id":"https:\/\/alithis.ch\/#organization"},"potentialAction":[{"@type":"SearchAction","target":{"@type":"EntryPoint","urlTemplate":"https:\/\/alithis.ch\/?s={search_term_string}"},"query-input":{"@type":"PropertyValueSpecification","valueRequired":true,"valueName":"search_term_string"}}],"inLanguage":"de"},{"@type":"Organization","@id":"https:\/\/alithis.ch\/#organization","name":"Alithis AG","url":"https:\/\/alithis.ch\/","logo":{"@type":"ImageObject","inLanguage":"de","@id":"https:\/\/alithis.ch\/#\/schema\/logo\/image\/","url":"https:\/\/i1.wp.com\/alithis.ch\/wp-content\/uploads\/2018\/10\/FINAL_Alithis_Logo_greenBG-01.png?fit=3508%2C944&ssl=1","contentUrl":"https:\/\/i1.wp.com\/alithis.ch\/wp-content\/uploads\/2018\/10\/FINAL_Alithis_Logo_greenBG-01.png?fit=3508%2C944&ssl=1","width":3508,"height":944,"caption":"Alithis AG"},"image":{"@id":"https:\/\/alithis.ch\/#\/schema\/logo\/image\/"},"sameAs":["https:\/\/x.com\/Alithis_Ltd","https:\/\/www.linkedin.com\/company\/alithis\/"]}]}},"jetpack_sharing_enabled":true,"jetpack-related-posts":[],"amp_enabled":true,"_links":{"self":[{"href":"https:\/\/alithis.ch\/de\/wp-json\/wp\/v2\/product\/9477","targetHints":{"allow":["GET"]}}],"collection":[{"href":"https:\/\/alithis.ch\/de\/wp-json\/wp\/v2\/product"}],"about":[{"href":"https:\/\/alithis.ch\/de\/wp-json\/wp\/v2\/types\/product"}],"wp:featuredmedia":[{"embeddable":true,"href":"https:\/\/alithis.ch\/de\/wp-json\/wp\/v2\/media\/9475"}],"wp:attachment":[{"href":"https:\/\/alithis.ch\/de\/wp-json\/wp\/v2\/media?parent=9477"}],"wp:term":[{"taxonomy":"product_brand","embeddable":true,"href":"https:\/\/alithis.ch\/de\/wp-json\/wp\/v2\/product_brand?post=9477"},{"taxonomy":"product_cat","embeddable":true,"href":"https:\/\/alithis.ch\/de\/wp-json\/wp\/v2\/product_cat?post=9477"},{"taxonomy":"product_tag","embeddable":true,"href":"https:\/\/alithis.ch\/de\/wp-json\/wp\/v2\/product_tag?post=9477"}],"curies":[{"name":"wp","href":"https:\/\/api.w.org\/{rel}","templated":true}]}}