{"id":3621,"date":"2020-07-02T14:42:39","date_gmt":"2020-07-02T12:42:39","guid":{"rendered":"https:\/\/alithis.ch\/?post_type=product&#038;p=3621"},"modified":"2022-12-20T11:48:01","modified_gmt":"2022-12-20T10:48:01","slug":"risiken-und-chancen-als-erfolgsfaktor","status":"publish","type":"product","link":"https:\/\/alithis.ch\/de\/product\/risiken-und-chancen-als-erfolgsfaktor\/","title":{"rendered":"Risiken und Chancen als Erfolgsfaktor"},"content":{"rendered":"<p><strong>ZIELGRUPPE:<\/strong> Interessierte, disziplinarische F\u00fchrungskr\u00e4fte, fachliches F\u00fchrungspersonal, Projektleiter, Fachkr\u00e4fte, etc.<\/p>\n<p><strong>LERNZEIT:<\/strong> ca. 40 Minuten<\/p>\n<p><strong>INHALTE:<\/strong><\/p>\n<ul>\n<li>Einf\u00fchrung<\/li>\n<li>Nutzen von Risiken<\/li>\n<li>Risiken managen<\/li>\n<li>Wissenscheck<\/li>\n<\/ul>\n","protected":false},"excerpt":{"rendered":"<p>F\u00fchrungskr\u00e4fte tragen die Verantwortung f\u00fcr die Aufgaben, Prozesse und Kennzahlen in ihrem Arbeitsbereich. Risiken stellen eine Gefahr f\u00fcr die Zielerreichung dar, w\u00e4hrend Chancen Gelegenheiten bieten Ziele schneller und effizienter zu erreichen. Der Umgang mit Risiken und Chancen ist daher ein elementarer Bestandteil f\u00fcr F\u00fchrungskr\u00e4fte.<\/p>\n","protected":false},"featured_media":3623,"template":"","meta":{"_monsterinsights_skip_tracking":false,"_monsterinsights_sitenote_active":false,"_monsterinsights_sitenote_note":"","_monsterinsights_sitenote_category":0},"product_brand":[],"product_cat":[1508],"product_tag":[],"class_list":{"0":"post-3621","1":"product","2":"type-product","3":"status-publish","4":"has-post-thumbnail","6":"product_cat-compliance-2","8":"first","9":"instock","10":"taxable","11":"shipping-taxable","12":"purchasable","13":"product-type-simple"},"yoast_head":"<!-- This site is optimized with the Yoast SEO plugin v27.4 - https:\/\/yoast.com\/product\/yoast-seo-wordpress\/ -->\n<title>Risiken und Chancen als Erfolgsfaktor &#8211; Alithis | For trusts and non-profits we are your partner<\/title>\n<meta name=\"robots\" content=\"index, follow, max-snippet:-1, max-image-preview:large, max-video-preview:-1\" \/>\n<link rel=\"canonical\" href=\"https:\/\/alithis.ch\/de\/product\/risiken-und-chancen-als-erfolgsfaktor\/\" \/>\n<meta property=\"og:locale\" content=\"de_DE\" \/>\n<meta property=\"og:type\" content=\"article\" \/>\n<meta property=\"og:title\" content=\"Risiken und Chancen als Erfolgsfaktor &#8211; Alithis | For trusts and non-profits we are your partner\" \/>\n<meta property=\"og:description\" content=\"F\u00fchrungskr\u00e4fte tragen die Verantwortung f\u00fcr die Aufgaben, Prozesse und Kennzahlen in ihrem Arbeitsbereich. Risiken stellen eine Gefahr f\u00fcr die Zielerreichung dar, w\u00e4hrend Chancen Gelegenheiten bieten Ziele schneller und effizienter zu erreichen. Der Umgang mit Risiken und Chancen ist daher ein elementarer Bestandteil f\u00fcr F\u00fchrungskr\u00e4fte.\" \/>\n<meta property=\"og:url\" content=\"https:\/\/alithis.ch\/de\/product\/risiken-und-chancen-als-erfolgsfaktor\/\" \/>\n<meta property=\"og:site_name\" content=\"Alithis | For trusts and non-profits we are your partner\" \/>\n<meta property=\"article:modified_time\" content=\"2022-12-20T10:48:01+00:00\" \/>\n<meta property=\"og:image\" content=\"https:\/\/alithis.ch\/wp-content\/uploads\/2020\/07\/Screen_Risikomanagement-e1665485454122.jpg\" \/>\n\t<meta property=\"og:image:width\" content=\"500\" \/>\n\t<meta property=\"og:image:height\" content=\"330\" \/>\n\t<meta property=\"og:image:type\" content=\"image\/jpeg\" \/>\n<meta name=\"twitter:card\" content=\"summary_large_image\" \/>\n<meta name=\"twitter:site\" content=\"@Alithis_Ltd\" \/>\n<script type=\"application\/ld+json\" class=\"yoast-schema-graph\">{\"@context\":\"https:\\\/\\\/schema.org\",\"@graph\":[{\"@type\":\"WebPage\",\"@id\":\"https:\\\/\\\/alithis.ch\\\/de\\\/product\\\/risiken-und-chancen-als-erfolgsfaktor\\\/\",\"url\":\"https:\\\/\\\/alithis.ch\\\/de\\\/product\\\/risiken-und-chancen-als-erfolgsfaktor\\\/\",\"name\":\"Risiken und Chancen als Erfolgsfaktor &#8211; Alithis | For trusts and non-profits we are your partner\",\"isPartOf\":{\"@id\":\"https:\\\/\\\/alithis.ch\\\/#website\"},\"primaryImageOfPage\":{\"@id\":\"https:\\\/\\\/alithis.ch\\\/de\\\/product\\\/risiken-und-chancen-als-erfolgsfaktor\\\/#primaryimage\"},\"image\":{\"@id\":\"https:\\\/\\\/alithis.ch\\\/de\\\/product\\\/risiken-und-chancen-als-erfolgsfaktor\\\/#primaryimage\"},\"thumbnailUrl\":\"https:\\\/\\\/i0.wp.com\\\/alithis.ch\\\/wp-content\\\/uploads\\\/2020\\\/07\\\/Screen_Risikomanagement-e1665485454122.jpg?fit=500%2C330&ssl=1\",\"datePublished\":\"2020-07-02T12:42:39+00:00\",\"dateModified\":\"2022-12-20T10:48:01+00:00\",\"breadcrumb\":{\"@id\":\"https:\\\/\\\/alithis.ch\\\/de\\\/product\\\/risiken-und-chancen-als-erfolgsfaktor\\\/#breadcrumb\"},\"inLanguage\":\"de\",\"potentialAction\":[{\"@type\":\"ReadAction\",\"target\":[\"https:\\\/\\\/alithis.ch\\\/de\\\/product\\\/risiken-und-chancen-als-erfolgsfaktor\\\/\"]}]},{\"@type\":\"ImageObject\",\"inLanguage\":\"de\",\"@id\":\"https:\\\/\\\/alithis.ch\\\/de\\\/product\\\/risiken-und-chancen-als-erfolgsfaktor\\\/#primaryimage\",\"url\":\"https:\\\/\\\/i0.wp.com\\\/alithis.ch\\\/wp-content\\\/uploads\\\/2020\\\/07\\\/Screen_Risikomanagement-e1665485454122.jpg?fit=500%2C330&ssl=1\",\"contentUrl\":\"https:\\\/\\\/i0.wp.com\\\/alithis.ch\\\/wp-content\\\/uploads\\\/2020\\\/07\\\/Screen_Risikomanagement-e1665485454122.jpg?fit=500%2C330&ssl=1\",\"width\":500,\"height\":330},{\"@type\":\"BreadcrumbList\",\"@id\":\"https:\\\/\\\/alithis.ch\\\/de\\\/product\\\/risiken-und-chancen-als-erfolgsfaktor\\\/#breadcrumb\",\"itemListElement\":[{\"@type\":\"ListItem\",\"position\":1,\"name\":\"Home\",\"item\":\"https:\\\/\\\/alithis.ch\\\/de\\\/\"},{\"@type\":\"ListItem\",\"position\":2,\"name\":\"Compliance E-Learning\",\"item\":\"https:\\\/\\\/alithis.ch\\\/de\\\/compliance-e-learning\\\/\"},{\"@type\":\"ListItem\",\"position\":3,\"name\":\"Risiken und Chancen als Erfolgsfaktor\"}]},{\"@type\":\"WebSite\",\"@id\":\"https:\\\/\\\/alithis.ch\\\/#website\",\"url\":\"https:\\\/\\\/alithis.ch\\\/\",\"name\":\"Alithis | For trusts and non-profits we are your partner\",\"description\":\"For trusts and non-profits we are your partner\",\"publisher\":{\"@id\":\"https:\\\/\\\/alithis.ch\\\/#organization\"},\"potentialAction\":[{\"@type\":\"SearchAction\",\"target\":{\"@type\":\"EntryPoint\",\"urlTemplate\":\"https:\\\/\\\/alithis.ch\\\/?s={search_term_string}\"},\"query-input\":{\"@type\":\"PropertyValueSpecification\",\"valueRequired\":true,\"valueName\":\"search_term_string\"}}],\"inLanguage\":\"de\"},{\"@type\":\"Organization\",\"@id\":\"https:\\\/\\\/alithis.ch\\\/#organization\",\"name\":\"Alithis AG\",\"url\":\"https:\\\/\\\/alithis.ch\\\/\",\"logo\":{\"@type\":\"ImageObject\",\"inLanguage\":\"de\",\"@id\":\"https:\\\/\\\/alithis.ch\\\/#\\\/schema\\\/logo\\\/image\\\/\",\"url\":\"https:\\\/\\\/i1.wp.com\\\/alithis.ch\\\/wp-content\\\/uploads\\\/2018\\\/10\\\/FINAL_Alithis_Logo_greenBG-01.png?fit=3508%2C944&ssl=1\",\"contentUrl\":\"https:\\\/\\\/i1.wp.com\\\/alithis.ch\\\/wp-content\\\/uploads\\\/2018\\\/10\\\/FINAL_Alithis_Logo_greenBG-01.png?fit=3508%2C944&ssl=1\",\"width\":3508,\"height\":944,\"caption\":\"Alithis AG\"},\"image\":{\"@id\":\"https:\\\/\\\/alithis.ch\\\/#\\\/schema\\\/logo\\\/image\\\/\"},\"sameAs\":[\"https:\\\/\\\/x.com\\\/Alithis_Ltd\",\"https:\\\/\\\/www.linkedin.com\\\/company\\\/alithis\\\/\"]}]}<\/script>\n<!-- \/ Yoast SEO plugin. -->","yoast_head_json":{"title":"Risiken und Chancen als Erfolgsfaktor &#8211; Alithis | For trusts and non-profits we are your partner","robots":{"index":"index","follow":"follow","max-snippet":"max-snippet:-1","max-image-preview":"max-image-preview:large","max-video-preview":"max-video-preview:-1"},"canonical":"https:\/\/alithis.ch\/de\/product\/risiken-und-chancen-als-erfolgsfaktor\/","og_locale":"de_DE","og_type":"article","og_title":"Risiken und Chancen als Erfolgsfaktor &#8211; Alithis | For trusts and non-profits we are your partner","og_description":"F\u00fchrungskr\u00e4fte tragen die Verantwortung f\u00fcr die Aufgaben, Prozesse und Kennzahlen in ihrem Arbeitsbereich. Risiken stellen eine Gefahr f\u00fcr die Zielerreichung dar, w\u00e4hrend Chancen Gelegenheiten bieten Ziele schneller und effizienter zu erreichen. Der Umgang mit Risiken und Chancen ist daher ein elementarer Bestandteil f\u00fcr F\u00fchrungskr\u00e4fte.","og_url":"https:\/\/alithis.ch\/de\/product\/risiken-und-chancen-als-erfolgsfaktor\/","og_site_name":"Alithis | For trusts and non-profits we are your partner","article_modified_time":"2022-12-20T10:48:01+00:00","og_image":[{"width":500,"height":330,"url":"https:\/\/alithis.ch\/wp-content\/uploads\/2020\/07\/Screen_Risikomanagement-e1665485454122.jpg","type":"image\/jpeg"}],"twitter_card":"summary_large_image","twitter_site":"@Alithis_Ltd","schema":{"@context":"https:\/\/schema.org","@graph":[{"@type":"WebPage","@id":"https:\/\/alithis.ch\/de\/product\/risiken-und-chancen-als-erfolgsfaktor\/","url":"https:\/\/alithis.ch\/de\/product\/risiken-und-chancen-als-erfolgsfaktor\/","name":"Risiken und Chancen als Erfolgsfaktor &#8211; Alithis | For trusts and non-profits we are your partner","isPartOf":{"@id":"https:\/\/alithis.ch\/#website"},"primaryImageOfPage":{"@id":"https:\/\/alithis.ch\/de\/product\/risiken-und-chancen-als-erfolgsfaktor\/#primaryimage"},"image":{"@id":"https:\/\/alithis.ch\/de\/product\/risiken-und-chancen-als-erfolgsfaktor\/#primaryimage"},"thumbnailUrl":"https:\/\/i0.wp.com\/alithis.ch\/wp-content\/uploads\/2020\/07\/Screen_Risikomanagement-e1665485454122.jpg?fit=500%2C330&ssl=1","datePublished":"2020-07-02T12:42:39+00:00","dateModified":"2022-12-20T10:48:01+00:00","breadcrumb":{"@id":"https:\/\/alithis.ch\/de\/product\/risiken-und-chancen-als-erfolgsfaktor\/#breadcrumb"},"inLanguage":"de","potentialAction":[{"@type":"ReadAction","target":["https:\/\/alithis.ch\/de\/product\/risiken-und-chancen-als-erfolgsfaktor\/"]}]},{"@type":"ImageObject","inLanguage":"de","@id":"https:\/\/alithis.ch\/de\/product\/risiken-und-chancen-als-erfolgsfaktor\/#primaryimage","url":"https:\/\/i0.wp.com\/alithis.ch\/wp-content\/uploads\/2020\/07\/Screen_Risikomanagement-e1665485454122.jpg?fit=500%2C330&ssl=1","contentUrl":"https:\/\/i0.wp.com\/alithis.ch\/wp-content\/uploads\/2020\/07\/Screen_Risikomanagement-e1665485454122.jpg?fit=500%2C330&ssl=1","width":500,"height":330},{"@type":"BreadcrumbList","@id":"https:\/\/alithis.ch\/de\/product\/risiken-und-chancen-als-erfolgsfaktor\/#breadcrumb","itemListElement":[{"@type":"ListItem","position":1,"name":"Home","item":"https:\/\/alithis.ch\/de\/"},{"@type":"ListItem","position":2,"name":"Compliance E-Learning","item":"https:\/\/alithis.ch\/de\/compliance-e-learning\/"},{"@type":"ListItem","position":3,"name":"Risiken und Chancen als Erfolgsfaktor"}]},{"@type":"WebSite","@id":"https:\/\/alithis.ch\/#website","url":"https:\/\/alithis.ch\/","name":"Alithis | For trusts and non-profits we are your partner","description":"For trusts and non-profits we are your partner","publisher":{"@id":"https:\/\/alithis.ch\/#organization"},"potentialAction":[{"@type":"SearchAction","target":{"@type":"EntryPoint","urlTemplate":"https:\/\/alithis.ch\/?s={search_term_string}"},"query-input":{"@type":"PropertyValueSpecification","valueRequired":true,"valueName":"search_term_string"}}],"inLanguage":"de"},{"@type":"Organization","@id":"https:\/\/alithis.ch\/#organization","name":"Alithis AG","url":"https:\/\/alithis.ch\/","logo":{"@type":"ImageObject","inLanguage":"de","@id":"https:\/\/alithis.ch\/#\/schema\/logo\/image\/","url":"https:\/\/i1.wp.com\/alithis.ch\/wp-content\/uploads\/2018\/10\/FINAL_Alithis_Logo_greenBG-01.png?fit=3508%2C944&ssl=1","contentUrl":"https:\/\/i1.wp.com\/alithis.ch\/wp-content\/uploads\/2018\/10\/FINAL_Alithis_Logo_greenBG-01.png?fit=3508%2C944&ssl=1","width":3508,"height":944,"caption":"Alithis AG"},"image":{"@id":"https:\/\/alithis.ch\/#\/schema\/logo\/image\/"},"sameAs":["https:\/\/x.com\/Alithis_Ltd","https:\/\/www.linkedin.com\/company\/alithis\/"]}]}},"jetpack_sharing_enabled":true,"jetpack-related-posts":[],"amp_enabled":true,"_links":{"self":[{"href":"https:\/\/alithis.ch\/de\/wp-json\/wp\/v2\/product\/3621","targetHints":{"allow":["GET"]}}],"collection":[{"href":"https:\/\/alithis.ch\/de\/wp-json\/wp\/v2\/product"}],"about":[{"href":"https:\/\/alithis.ch\/de\/wp-json\/wp\/v2\/types\/product"}],"wp:featuredmedia":[{"embeddable":true,"href":"https:\/\/alithis.ch\/de\/wp-json\/wp\/v2\/media\/3623"}],"wp:attachment":[{"href":"https:\/\/alithis.ch\/de\/wp-json\/wp\/v2\/media?parent=3621"}],"wp:term":[{"taxonomy":"product_brand","embeddable":true,"href":"https:\/\/alithis.ch\/de\/wp-json\/wp\/v2\/product_brand?post=3621"},{"taxonomy":"product_cat","embeddable":true,"href":"https:\/\/alithis.ch\/de\/wp-json\/wp\/v2\/product_cat?post=3621"},{"taxonomy":"product_tag","embeddable":true,"href":"https:\/\/alithis.ch\/de\/wp-json\/wp\/v2\/product_tag?post=3621"}],"curies":[{"name":"wp","href":"https:\/\/api.w.org\/{rel}","templated":true}]}}