{"id":2435,"date":"2019-11-18T15:51:32","date_gmt":"2019-11-18T14:51:32","guid":{"rendered":"https:\/\/alithis.ch\/?post_type=product&#038;p=2435"},"modified":"2022-12-20T11:48:07","modified_gmt":"2022-12-20T10:48:07","slug":"ethisches-verhalten-und-diversitat","status":"publish","type":"product","link":"https:\/\/alithis.ch\/de\/product\/ethisches-verhalten-und-diversitat\/","title":{"rendered":"Ethisches Verhalten und Diversit\u00e4t"},"content":{"rendered":"<p><strong>ZIELGRUPPE:<\/strong>\u00a0Alle MitarbeiterInnen<\/p>\n<p><strong>LERNZEIT:<\/strong>\u00a0ca. 40 Minuten<\/p>\n<p><strong>INHALTE:<\/strong><\/p>\n<ul>\n<li>Einf\u00fchrung zum Ethischen Verhalten<\/li>\n<li>Fallbeispiel (Das Bewerbungsgespr\u00e4ch)<\/li>\n<li>Ethisches Verhalten im Unternehmen<\/li>\n<li>Umgang mit Diversit\u00e4t<\/li>\n<li>Wissenstest<\/li>\n<\/ul>\n","protected":false},"excerpt":{"rendered":"<p><span style=\"font-size: 16px;\">Immer mehr Unternehmen sind von Diskriminierungsvorf\u00e4llen und von Wirtschaftskriminalit\u00e4t betroffen. Dabei handelt es nicht nur um Korruption, sondern auch um Diebstahl, Betrug oder Geldw\u00e4sche. Diese Verhaltensweisen kosten Unternehmen j\u00e4hrlich mehrere Milliarden Euro, sie sind gesetzeswidrig und vor allem unethisch. Dieser Kurs vermittelt Ihren Mitarbeitern wesentliche Informationen zu den Themen \u201eethisches Verhalten\u201c und \u201eDiversit\u00e4t\u201c in Unternehmen und macht sie mit den grundlegenden Verantwortung vertraut.<\/span><\/p>\n","protected":false},"featured_media":2436,"template":"","meta":{"_monsterinsights_skip_tracking":false,"_monsterinsights_sitenote_active":false,"_monsterinsights_sitenote_note":"","_monsterinsights_sitenote_category":0},"product_brand":[],"product_cat":[1508],"product_tag":[1509,1515,1510,1516,1517],"class_list":{"0":"post-2435","1":"product","2":"type-product","3":"status-publish","4":"has-post-thumbnail","6":"product_cat-compliance-2","7":"product_tag-compliance-de","8":"product_tag-diversitaet","9":"product_tag-e-learning-de","10":"product_tag-ethisches-verhalten-de","11":"product_tag-richtlinien-de","13":"first","14":"instock","15":"virtual","16":"taxable","17":"purchasable","18":"product-type-simple"},"yoast_head":"<!-- This site is optimized with the Yoast SEO plugin v27.4 - https:\/\/yoast.com\/product\/yoast-seo-wordpress\/ -->\n<title>Ethisches Verhalten und Diversit\u00e4t &#8211; Alithis | For trusts and non-profits we are your partner<\/title>\n<meta name=\"robots\" content=\"index, follow, max-snippet:-1, max-image-preview:large, max-video-preview:-1\" \/>\n<link rel=\"canonical\" href=\"https:\/\/alithis.ch\/de\/product\/ethisches-verhalten-und-diversitat\/\" \/>\n<meta property=\"og:locale\" content=\"de_DE\" \/>\n<meta property=\"og:type\" content=\"article\" \/>\n<meta property=\"og:title\" content=\"Ethisches Verhalten und Diversit\u00e4t &#8211; Alithis | For trusts and non-profits we are your partner\" \/>\n<meta property=\"og:description\" content=\"Immer mehr Unternehmen sind von Diskriminierungsvorf\u00e4llen und von Wirtschaftskriminalit\u00e4t betroffen. Dabei handelt es nicht nur um Korruption, sondern auch um Diebstahl, Betrug oder Geldw\u00e4sche. Diese Verhaltensweisen kosten Unternehmen j\u00e4hrlich mehrere Milliarden Euro, sie sind gesetzeswidrig und vor allem unethisch. Dieser Kurs vermittelt Ihren Mitarbeitern wesentliche Informationen zu den Themen \u201eethisches Verhalten\u201c und \u201eDiversit\u00e4t\u201c in Unternehmen und macht sie mit den grundlegenden Verantwortung vertraut.\" \/>\n<meta property=\"og:url\" content=\"https:\/\/alithis.ch\/de\/product\/ethisches-verhalten-und-diversitat\/\" \/>\n<meta property=\"og:site_name\" content=\"Alithis | For trusts and non-profits we are your partner\" \/>\n<meta property=\"article:modified_time\" content=\"2022-12-20T10:48:07+00:00\" \/>\n<meta property=\"og:image\" content=\"https:\/\/alithis.ch\/wp-content\/uploads\/2019\/11\/ethik-e1665485912349.jpg\" \/>\n\t<meta property=\"og:image:width\" content=\"500\" \/>\n\t<meta property=\"og:image:height\" content=\"330\" \/>\n\t<meta property=\"og:image:type\" content=\"image\/jpeg\" \/>\n<meta name=\"twitter:card\" content=\"summary_large_image\" \/>\n<meta name=\"twitter:site\" content=\"@Alithis_Ltd\" \/>\n<meta name=\"twitter:label1\" content=\"Gesch\u00e4tzte Lesezeit\" \/>\n\t<meta name=\"twitter:data1\" content=\"1\u00a0Minute\" \/>\n<script type=\"application\/ld+json\" class=\"yoast-schema-graph\">{\"@context\":\"https:\\\/\\\/schema.org\",\"@graph\":[{\"@type\":\"WebPage\",\"@id\":\"https:\\\/\\\/alithis.ch\\\/de\\\/product\\\/ethisches-verhalten-und-diversitat\\\/\",\"url\":\"https:\\\/\\\/alithis.ch\\\/de\\\/product\\\/ethisches-verhalten-und-diversitat\\\/\",\"name\":\"Ethisches Verhalten und Diversit\u00e4t &#8211; Alithis | For trusts and non-profits we are your partner\",\"isPartOf\":{\"@id\":\"https:\\\/\\\/alithis.ch\\\/#website\"},\"primaryImageOfPage\":{\"@id\":\"https:\\\/\\\/alithis.ch\\\/de\\\/product\\\/ethisches-verhalten-und-diversitat\\\/#primaryimage\"},\"image\":{\"@id\":\"https:\\\/\\\/alithis.ch\\\/de\\\/product\\\/ethisches-verhalten-und-diversitat\\\/#primaryimage\"},\"thumbnailUrl\":\"https:\\\/\\\/i0.wp.com\\\/alithis.ch\\\/wp-content\\\/uploads\\\/2019\\\/11\\\/ethik-e1665485912349.jpg?fit=500%2C330&ssl=1\",\"datePublished\":\"2019-11-18T14:51:32+00:00\",\"dateModified\":\"2022-12-20T10:48:07+00:00\",\"breadcrumb\":{\"@id\":\"https:\\\/\\\/alithis.ch\\\/de\\\/product\\\/ethisches-verhalten-und-diversitat\\\/#breadcrumb\"},\"inLanguage\":\"de\",\"potentialAction\":[{\"@type\":\"ReadAction\",\"target\":[\"https:\\\/\\\/alithis.ch\\\/de\\\/product\\\/ethisches-verhalten-und-diversitat\\\/\"]}]},{\"@type\":\"ImageObject\",\"inLanguage\":\"de\",\"@id\":\"https:\\\/\\\/alithis.ch\\\/de\\\/product\\\/ethisches-verhalten-und-diversitat\\\/#primaryimage\",\"url\":\"https:\\\/\\\/i0.wp.com\\\/alithis.ch\\\/wp-content\\\/uploads\\\/2019\\\/11\\\/ethik-e1665485912349.jpg?fit=500%2C330&ssl=1\",\"contentUrl\":\"https:\\\/\\\/i0.wp.com\\\/alithis.ch\\\/wp-content\\\/uploads\\\/2019\\\/11\\\/ethik-e1665485912349.jpg?fit=500%2C330&ssl=1\",\"width\":500,\"height\":330},{\"@type\":\"BreadcrumbList\",\"@id\":\"https:\\\/\\\/alithis.ch\\\/de\\\/product\\\/ethisches-verhalten-und-diversitat\\\/#breadcrumb\",\"itemListElement\":[{\"@type\":\"ListItem\",\"position\":1,\"name\":\"Home\",\"item\":\"https:\\\/\\\/alithis.ch\\\/de\\\/\"},{\"@type\":\"ListItem\",\"position\":2,\"name\":\"Compliance E-Learning\",\"item\":\"https:\\\/\\\/alithis.ch\\\/de\\\/compliance-e-learning\\\/\"},{\"@type\":\"ListItem\",\"position\":3,\"name\":\"Ethisches Verhalten und Diversit\u00e4t\"}]},{\"@type\":\"WebSite\",\"@id\":\"https:\\\/\\\/alithis.ch\\\/#website\",\"url\":\"https:\\\/\\\/alithis.ch\\\/\",\"name\":\"Alithis | For trusts and non-profits we are your partner\",\"description\":\"For trusts and non-profits we are your partner\",\"publisher\":{\"@id\":\"https:\\\/\\\/alithis.ch\\\/#organization\"},\"potentialAction\":[{\"@type\":\"SearchAction\",\"target\":{\"@type\":\"EntryPoint\",\"urlTemplate\":\"https:\\\/\\\/alithis.ch\\\/?s={search_term_string}\"},\"query-input\":{\"@type\":\"PropertyValueSpecification\",\"valueRequired\":true,\"valueName\":\"search_term_string\"}}],\"inLanguage\":\"de\"},{\"@type\":\"Organization\",\"@id\":\"https:\\\/\\\/alithis.ch\\\/#organization\",\"name\":\"Alithis AG\",\"url\":\"https:\\\/\\\/alithis.ch\\\/\",\"logo\":{\"@type\":\"ImageObject\",\"inLanguage\":\"de\",\"@id\":\"https:\\\/\\\/alithis.ch\\\/#\\\/schema\\\/logo\\\/image\\\/\",\"url\":\"https:\\\/\\\/i1.wp.com\\\/alithis.ch\\\/wp-content\\\/uploads\\\/2018\\\/10\\\/FINAL_Alithis_Logo_greenBG-01.png?fit=3508%2C944&ssl=1\",\"contentUrl\":\"https:\\\/\\\/i1.wp.com\\\/alithis.ch\\\/wp-content\\\/uploads\\\/2018\\\/10\\\/FINAL_Alithis_Logo_greenBG-01.png?fit=3508%2C944&ssl=1\",\"width\":3508,\"height\":944,\"caption\":\"Alithis AG\"},\"image\":{\"@id\":\"https:\\\/\\\/alithis.ch\\\/#\\\/schema\\\/logo\\\/image\\\/\"},\"sameAs\":[\"https:\\\/\\\/x.com\\\/Alithis_Ltd\",\"https:\\\/\\\/www.linkedin.com\\\/company\\\/alithis\\\/\"]}]}<\/script>\n<!-- \/ Yoast SEO plugin. -->","yoast_head_json":{"title":"Ethisches Verhalten und Diversit\u00e4t &#8211; Alithis | For trusts and non-profits we are your partner","robots":{"index":"index","follow":"follow","max-snippet":"max-snippet:-1","max-image-preview":"max-image-preview:large","max-video-preview":"max-video-preview:-1"},"canonical":"https:\/\/alithis.ch\/de\/product\/ethisches-verhalten-und-diversitat\/","og_locale":"de_DE","og_type":"article","og_title":"Ethisches Verhalten und Diversit\u00e4t &#8211; Alithis | For trusts and non-profits we are your partner","og_description":"Immer mehr Unternehmen sind von Diskriminierungsvorf\u00e4llen und von Wirtschaftskriminalit\u00e4t betroffen. Dabei handelt es nicht nur um Korruption, sondern auch um Diebstahl, Betrug oder Geldw\u00e4sche. Diese Verhaltensweisen kosten Unternehmen j\u00e4hrlich mehrere Milliarden Euro, sie sind gesetzeswidrig und vor allem unethisch. Dieser Kurs vermittelt Ihren Mitarbeitern wesentliche Informationen zu den Themen \u201eethisches Verhalten\u201c und \u201eDiversit\u00e4t\u201c in Unternehmen und macht sie mit den grundlegenden Verantwortung vertraut.","og_url":"https:\/\/alithis.ch\/de\/product\/ethisches-verhalten-und-diversitat\/","og_site_name":"Alithis | For trusts and non-profits we are your partner","article_modified_time":"2022-12-20T10:48:07+00:00","og_image":[{"width":500,"height":330,"url":"https:\/\/alithis.ch\/wp-content\/uploads\/2019\/11\/ethik-e1665485912349.jpg","type":"image\/jpeg"}],"twitter_card":"summary_large_image","twitter_site":"@Alithis_Ltd","twitter_misc":{"Gesch\u00e4tzte Lesezeit":"1\u00a0Minute"},"schema":{"@context":"https:\/\/schema.org","@graph":[{"@type":"WebPage","@id":"https:\/\/alithis.ch\/de\/product\/ethisches-verhalten-und-diversitat\/","url":"https:\/\/alithis.ch\/de\/product\/ethisches-verhalten-und-diversitat\/","name":"Ethisches Verhalten und Diversit\u00e4t &#8211; Alithis | For trusts and non-profits we are your partner","isPartOf":{"@id":"https:\/\/alithis.ch\/#website"},"primaryImageOfPage":{"@id":"https:\/\/alithis.ch\/de\/product\/ethisches-verhalten-und-diversitat\/#primaryimage"},"image":{"@id":"https:\/\/alithis.ch\/de\/product\/ethisches-verhalten-und-diversitat\/#primaryimage"},"thumbnailUrl":"https:\/\/i0.wp.com\/alithis.ch\/wp-content\/uploads\/2019\/11\/ethik-e1665485912349.jpg?fit=500%2C330&ssl=1","datePublished":"2019-11-18T14:51:32+00:00","dateModified":"2022-12-20T10:48:07+00:00","breadcrumb":{"@id":"https:\/\/alithis.ch\/de\/product\/ethisches-verhalten-und-diversitat\/#breadcrumb"},"inLanguage":"de","potentialAction":[{"@type":"ReadAction","target":["https:\/\/alithis.ch\/de\/product\/ethisches-verhalten-und-diversitat\/"]}]},{"@type":"ImageObject","inLanguage":"de","@id":"https:\/\/alithis.ch\/de\/product\/ethisches-verhalten-und-diversitat\/#primaryimage","url":"https:\/\/i0.wp.com\/alithis.ch\/wp-content\/uploads\/2019\/11\/ethik-e1665485912349.jpg?fit=500%2C330&ssl=1","contentUrl":"https:\/\/i0.wp.com\/alithis.ch\/wp-content\/uploads\/2019\/11\/ethik-e1665485912349.jpg?fit=500%2C330&ssl=1","width":500,"height":330},{"@type":"BreadcrumbList","@id":"https:\/\/alithis.ch\/de\/product\/ethisches-verhalten-und-diversitat\/#breadcrumb","itemListElement":[{"@type":"ListItem","position":1,"name":"Home","item":"https:\/\/alithis.ch\/de\/"},{"@type":"ListItem","position":2,"name":"Compliance E-Learning","item":"https:\/\/alithis.ch\/de\/compliance-e-learning\/"},{"@type":"ListItem","position":3,"name":"Ethisches Verhalten und Diversit\u00e4t"}]},{"@type":"WebSite","@id":"https:\/\/alithis.ch\/#website","url":"https:\/\/alithis.ch\/","name":"Alithis | For trusts and non-profits we are your partner","description":"For trusts and non-profits we are your partner","publisher":{"@id":"https:\/\/alithis.ch\/#organization"},"potentialAction":[{"@type":"SearchAction","target":{"@type":"EntryPoint","urlTemplate":"https:\/\/alithis.ch\/?s={search_term_string}"},"query-input":{"@type":"PropertyValueSpecification","valueRequired":true,"valueName":"search_term_string"}}],"inLanguage":"de"},{"@type":"Organization","@id":"https:\/\/alithis.ch\/#organization","name":"Alithis AG","url":"https:\/\/alithis.ch\/","logo":{"@type":"ImageObject","inLanguage":"de","@id":"https:\/\/alithis.ch\/#\/schema\/logo\/image\/","url":"https:\/\/i1.wp.com\/alithis.ch\/wp-content\/uploads\/2018\/10\/FINAL_Alithis_Logo_greenBG-01.png?fit=3508%2C944&ssl=1","contentUrl":"https:\/\/i1.wp.com\/alithis.ch\/wp-content\/uploads\/2018\/10\/FINAL_Alithis_Logo_greenBG-01.png?fit=3508%2C944&ssl=1","width":3508,"height":944,"caption":"Alithis AG"},"image":{"@id":"https:\/\/alithis.ch\/#\/schema\/logo\/image\/"},"sameAs":["https:\/\/x.com\/Alithis_Ltd","https:\/\/www.linkedin.com\/company\/alithis\/"]}]}},"jetpack_sharing_enabled":true,"jetpack-related-posts":[],"amp_enabled":true,"_links":{"self":[{"href":"https:\/\/alithis.ch\/de\/wp-json\/wp\/v2\/product\/2435","targetHints":{"allow":["GET"]}}],"collection":[{"href":"https:\/\/alithis.ch\/de\/wp-json\/wp\/v2\/product"}],"about":[{"href":"https:\/\/alithis.ch\/de\/wp-json\/wp\/v2\/types\/product"}],"wp:featuredmedia":[{"embeddable":true,"href":"https:\/\/alithis.ch\/de\/wp-json\/wp\/v2\/media\/2436"}],"wp:attachment":[{"href":"https:\/\/alithis.ch\/de\/wp-json\/wp\/v2\/media?parent=2435"}],"wp:term":[{"taxonomy":"product_brand","embeddable":true,"href":"https:\/\/alithis.ch\/de\/wp-json\/wp\/v2\/product_brand?post=2435"},{"taxonomy":"product_cat","embeddable":true,"href":"https:\/\/alithis.ch\/de\/wp-json\/wp\/v2\/product_cat?post=2435"},{"taxonomy":"product_tag","embeddable":true,"href":"https:\/\/alithis.ch\/de\/wp-json\/wp\/v2\/product_tag?post=2435"}],"curies":[{"name":"wp","href":"https:\/\/api.w.org\/{rel}","templated":true}]}}