{"id":2367,"date":"2019-11-14T21:05:46","date_gmt":"2019-11-14T20:05:46","guid":{"rendered":"https:\/\/alithis.ch\/?post_type=product&#038;p=2367"},"modified":"2022-12-20T11:48:16","modified_gmt":"2022-12-20T10:48:16","slug":"betrugsbekampfung-aufbaumodul-fur-fuhrungskrafte","status":"publish","type":"product","link":"https:\/\/alithis.ch\/de\/product\/betrugsbekampfung-aufbaumodul-fur-fuhrungskrafte\/","title":{"rendered":"Betrugsbek\u00e4mpfung Aufbaumodul f\u00fcr F\u00fchrungskr\u00e4fte"},"content":{"rendered":"<p><strong>ZIELGRUPPE:<\/strong>\u00a0Alle F\u00fchrungskr\u00e4fte von Unternehmen und \u00f6ffentlichen Institutionen<\/p>\n<p><strong>LERNZEIT:<\/strong>\u00a0ca. 20 Minuten<\/p>\n<p><strong>INHALTE:<\/strong><\/p>\n<ul>\n<li>Einf\u00fchrung<\/li>\n<li>Betrugsbek\u00e4mpfung ist Chefsache<\/li>\n<li>Abschlusstest<\/li>\n<\/ul>\n","protected":false},"excerpt":{"rendered":"<p>Dieser Kurs ist einer der Aufbaukurse f\u00fcr das Online-Training \u201eBetrugsbek\u00e4mpfung allgemein\u201c. Angepasst an die Aufgaben der F\u00fchrungsebene, erhalten Sie in diesem Kurs vertiefende Informationen zum Thema Betrugsbek\u00e4mpfung. Als F\u00fchrungskraft eines Unternehmens sind Sie dazu verpflichtet, gesch\u00e4ftssch\u00e4digende Handlungen aufzukl\u00e4ren und weitere Sch\u00e4den zu verhindern. Sie lernen hier, wie Sie durch das Vier-Augen-Prinzip das Risiko von Fehlern und Missbrauch reduzieren k\u00f6nnen. Zudem wird das Anti-Fraud-Management thematisiert und das Betrugsdreieck analysiert.<\/p>\n","protected":false},"featured_media":2410,"template":"","meta":{"_monsterinsights_skip_tracking":false,"_monsterinsights_sitenote_active":false,"_monsterinsights_sitenote_note":"","_monsterinsights_sitenote_category":0},"product_brand":[],"product_cat":[1508],"product_tag":[1510],"class_list":{"0":"post-2367","1":"product","2":"type-product","3":"status-publish","4":"has-post-thumbnail","6":"product_cat-compliance-2","7":"product_tag-e-learning-de","9":"first","10":"instock","11":"taxable","12":"shipping-taxable","13":"purchasable","14":"product-type-simple"},"yoast_head":"<!-- This site is optimized with the Yoast SEO plugin v27.4 - https:\/\/yoast.com\/product\/yoast-seo-wordpress\/ -->\n<title>Betrugsbek\u00e4mpfung Aufbaumodul f\u00fcr F\u00fchrungskr\u00e4fte &#8211; Alithis | For trusts and non-profits we are your partner<\/title>\n<meta name=\"robots\" content=\"index, follow, max-snippet:-1, max-image-preview:large, max-video-preview:-1\" \/>\n<link rel=\"canonical\" href=\"https:\/\/alithis.ch\/de\/product\/betrugsbekampfung-aufbaumodul-fur-fuhrungskrafte\/\" \/>\n<meta property=\"og:locale\" content=\"de_DE\" \/>\n<meta property=\"og:type\" content=\"article\" \/>\n<meta property=\"og:title\" content=\"Betrugsbek\u00e4mpfung Aufbaumodul f\u00fcr F\u00fchrungskr\u00e4fte &#8211; Alithis | For trusts and non-profits we are your partner\" \/>\n<meta property=\"og:description\" content=\"Dieser Kurs ist einer der Aufbaukurse f\u00fcr das Online-Training \u201eBetrugsbek\u00e4mpfung allgemein\u201c. Angepasst an die Aufgaben der F\u00fchrungsebene, erhalten Sie in diesem Kurs vertiefende Informationen zum Thema Betrugsbek\u00e4mpfung. Als F\u00fchrungskraft eines Unternehmens sind Sie dazu verpflichtet, gesch\u00e4ftssch\u00e4digende Handlungen aufzukl\u00e4ren und weitere Sch\u00e4den zu verhindern. Sie lernen hier, wie Sie durch das Vier-Augen-Prinzip das Risiko von Fehlern und Missbrauch reduzieren k\u00f6nnen. Zudem wird das Anti-Fraud-Management thematisiert und das Betrugsdreieck analysiert.\" \/>\n<meta property=\"og:url\" content=\"https:\/\/alithis.ch\/de\/product\/betrugsbekampfung-aufbaumodul-fur-fuhrungskrafte\/\" \/>\n<meta property=\"og:site_name\" content=\"Alithis | For trusts and non-profits we are your partner\" \/>\n<meta property=\"article:modified_time\" content=\"2022-12-20T10:48:16+00:00\" \/>\n<meta property=\"og:image\" content=\"https:\/\/alithis.ch\/wp-content\/uploads\/2019\/11\/Bet-F\u00fchr-e1665485725782.jpg\" \/>\n\t<meta property=\"og:image:width\" content=\"500\" \/>\n\t<meta property=\"og:image:height\" content=\"330\" \/>\n\t<meta property=\"og:image:type\" content=\"image\/jpeg\" \/>\n<meta name=\"twitter:card\" content=\"summary_large_image\" \/>\n<meta name=\"twitter:site\" content=\"@Alithis_Ltd\" \/>\n<meta name=\"twitter:label1\" content=\"Gesch\u00e4tzte Lesezeit\" \/>\n\t<meta name=\"twitter:data1\" content=\"1\u00a0Minute\" \/>\n<script type=\"application\/ld+json\" class=\"yoast-schema-graph\">{\"@context\":\"https:\\\/\\\/schema.org\",\"@graph\":[{\"@type\":\"WebPage\",\"@id\":\"https:\\\/\\\/alithis.ch\\\/de\\\/product\\\/betrugsbekampfung-aufbaumodul-fur-fuhrungskrafte\\\/\",\"url\":\"https:\\\/\\\/alithis.ch\\\/de\\\/product\\\/betrugsbekampfung-aufbaumodul-fur-fuhrungskrafte\\\/\",\"name\":\"Betrugsbek\u00e4mpfung Aufbaumodul f\u00fcr F\u00fchrungskr\u00e4fte &#8211; Alithis | For trusts and non-profits we are your partner\",\"isPartOf\":{\"@id\":\"https:\\\/\\\/alithis.ch\\\/#website\"},\"primaryImageOfPage\":{\"@id\":\"https:\\\/\\\/alithis.ch\\\/de\\\/product\\\/betrugsbekampfung-aufbaumodul-fur-fuhrungskrafte\\\/#primaryimage\"},\"image\":{\"@id\":\"https:\\\/\\\/alithis.ch\\\/de\\\/product\\\/betrugsbekampfung-aufbaumodul-fur-fuhrungskrafte\\\/#primaryimage\"},\"thumbnailUrl\":\"https:\\\/\\\/i0.wp.com\\\/alithis.ch\\\/wp-content\\\/uploads\\\/2019\\\/11\\\/Bet-F%C3%BChr-e1665485725782.jpg?fit=500%2C330&ssl=1\",\"datePublished\":\"2019-11-14T20:05:46+00:00\",\"dateModified\":\"2022-12-20T10:48:16+00:00\",\"breadcrumb\":{\"@id\":\"https:\\\/\\\/alithis.ch\\\/de\\\/product\\\/betrugsbekampfung-aufbaumodul-fur-fuhrungskrafte\\\/#breadcrumb\"},\"inLanguage\":\"de\",\"potentialAction\":[{\"@type\":\"ReadAction\",\"target\":[\"https:\\\/\\\/alithis.ch\\\/de\\\/product\\\/betrugsbekampfung-aufbaumodul-fur-fuhrungskrafte\\\/\"]}]},{\"@type\":\"ImageObject\",\"inLanguage\":\"de\",\"@id\":\"https:\\\/\\\/alithis.ch\\\/de\\\/product\\\/betrugsbekampfung-aufbaumodul-fur-fuhrungskrafte\\\/#primaryimage\",\"url\":\"https:\\\/\\\/i0.wp.com\\\/alithis.ch\\\/wp-content\\\/uploads\\\/2019\\\/11\\\/Bet-F%C3%BChr-e1665485725782.jpg?fit=500%2C330&ssl=1\",\"contentUrl\":\"https:\\\/\\\/i0.wp.com\\\/alithis.ch\\\/wp-content\\\/uploads\\\/2019\\\/11\\\/Bet-F%C3%BChr-e1665485725782.jpg?fit=500%2C330&ssl=1\",\"width\":500,\"height\":330},{\"@type\":\"BreadcrumbList\",\"@id\":\"https:\\\/\\\/alithis.ch\\\/de\\\/product\\\/betrugsbekampfung-aufbaumodul-fur-fuhrungskrafte\\\/#breadcrumb\",\"itemListElement\":[{\"@type\":\"ListItem\",\"position\":1,\"name\":\"Home\",\"item\":\"https:\\\/\\\/alithis.ch\\\/de\\\/\"},{\"@type\":\"ListItem\",\"position\":2,\"name\":\"Compliance E-Learning\",\"item\":\"https:\\\/\\\/alithis.ch\\\/de\\\/compliance-e-learning\\\/\"},{\"@type\":\"ListItem\",\"position\":3,\"name\":\"Betrugsbek\u00e4mpfung Aufbaumodul f\u00fcr F\u00fchrungskr\u00e4fte\"}]},{\"@type\":\"WebSite\",\"@id\":\"https:\\\/\\\/alithis.ch\\\/#website\",\"url\":\"https:\\\/\\\/alithis.ch\\\/\",\"name\":\"Alithis | For trusts and non-profits we are your partner\",\"description\":\"For trusts and non-profits we are your partner\",\"publisher\":{\"@id\":\"https:\\\/\\\/alithis.ch\\\/#organization\"},\"potentialAction\":[{\"@type\":\"SearchAction\",\"target\":{\"@type\":\"EntryPoint\",\"urlTemplate\":\"https:\\\/\\\/alithis.ch\\\/?s={search_term_string}\"},\"query-input\":{\"@type\":\"PropertyValueSpecification\",\"valueRequired\":true,\"valueName\":\"search_term_string\"}}],\"inLanguage\":\"de\"},{\"@type\":\"Organization\",\"@id\":\"https:\\\/\\\/alithis.ch\\\/#organization\",\"name\":\"Alithis AG\",\"url\":\"https:\\\/\\\/alithis.ch\\\/\",\"logo\":{\"@type\":\"ImageObject\",\"inLanguage\":\"de\",\"@id\":\"https:\\\/\\\/alithis.ch\\\/#\\\/schema\\\/logo\\\/image\\\/\",\"url\":\"https:\\\/\\\/i1.wp.com\\\/alithis.ch\\\/wp-content\\\/uploads\\\/2018\\\/10\\\/FINAL_Alithis_Logo_greenBG-01.png?fit=3508%2C944&ssl=1\",\"contentUrl\":\"https:\\\/\\\/i1.wp.com\\\/alithis.ch\\\/wp-content\\\/uploads\\\/2018\\\/10\\\/FINAL_Alithis_Logo_greenBG-01.png?fit=3508%2C944&ssl=1\",\"width\":3508,\"height\":944,\"caption\":\"Alithis AG\"},\"image\":{\"@id\":\"https:\\\/\\\/alithis.ch\\\/#\\\/schema\\\/logo\\\/image\\\/\"},\"sameAs\":[\"https:\\\/\\\/x.com\\\/Alithis_Ltd\",\"https:\\\/\\\/www.linkedin.com\\\/company\\\/alithis\\\/\"]}]}<\/script>\n<!-- \/ Yoast SEO plugin. -->","yoast_head_json":{"title":"Betrugsbek\u00e4mpfung Aufbaumodul f\u00fcr F\u00fchrungskr\u00e4fte &#8211; Alithis | For trusts and non-profits we are your partner","robots":{"index":"index","follow":"follow","max-snippet":"max-snippet:-1","max-image-preview":"max-image-preview:large","max-video-preview":"max-video-preview:-1"},"canonical":"https:\/\/alithis.ch\/de\/product\/betrugsbekampfung-aufbaumodul-fur-fuhrungskrafte\/","og_locale":"de_DE","og_type":"article","og_title":"Betrugsbek\u00e4mpfung Aufbaumodul f\u00fcr F\u00fchrungskr\u00e4fte &#8211; Alithis | For trusts and non-profits we are your partner","og_description":"Dieser Kurs ist einer der Aufbaukurse f\u00fcr das Online-Training \u201eBetrugsbek\u00e4mpfung allgemein\u201c. Angepasst an die Aufgaben der F\u00fchrungsebene, erhalten Sie in diesem Kurs vertiefende Informationen zum Thema Betrugsbek\u00e4mpfung. Als F\u00fchrungskraft eines Unternehmens sind Sie dazu verpflichtet, gesch\u00e4ftssch\u00e4digende Handlungen aufzukl\u00e4ren und weitere Sch\u00e4den zu verhindern. Sie lernen hier, wie Sie durch das Vier-Augen-Prinzip das Risiko von Fehlern und Missbrauch reduzieren k\u00f6nnen. Zudem wird das Anti-Fraud-Management thematisiert und das Betrugsdreieck analysiert.","og_url":"https:\/\/alithis.ch\/de\/product\/betrugsbekampfung-aufbaumodul-fur-fuhrungskrafte\/","og_site_name":"Alithis | For trusts and non-profits we are your partner","article_modified_time":"2022-12-20T10:48:16+00:00","og_image":[{"width":500,"height":330,"url":"https:\/\/alithis.ch\/wp-content\/uploads\/2019\/11\/Bet-F\u00fchr-e1665485725782.jpg","type":"image\/jpeg"}],"twitter_card":"summary_large_image","twitter_site":"@Alithis_Ltd","twitter_misc":{"Gesch\u00e4tzte Lesezeit":"1\u00a0Minute"},"schema":{"@context":"https:\/\/schema.org","@graph":[{"@type":"WebPage","@id":"https:\/\/alithis.ch\/de\/product\/betrugsbekampfung-aufbaumodul-fur-fuhrungskrafte\/","url":"https:\/\/alithis.ch\/de\/product\/betrugsbekampfung-aufbaumodul-fur-fuhrungskrafte\/","name":"Betrugsbek\u00e4mpfung Aufbaumodul f\u00fcr F\u00fchrungskr\u00e4fte &#8211; Alithis | For trusts and non-profits we are your partner","isPartOf":{"@id":"https:\/\/alithis.ch\/#website"},"primaryImageOfPage":{"@id":"https:\/\/alithis.ch\/de\/product\/betrugsbekampfung-aufbaumodul-fur-fuhrungskrafte\/#primaryimage"},"image":{"@id":"https:\/\/alithis.ch\/de\/product\/betrugsbekampfung-aufbaumodul-fur-fuhrungskrafte\/#primaryimage"},"thumbnailUrl":"https:\/\/i0.wp.com\/alithis.ch\/wp-content\/uploads\/2019\/11\/Bet-F%C3%BChr-e1665485725782.jpg?fit=500%2C330&ssl=1","datePublished":"2019-11-14T20:05:46+00:00","dateModified":"2022-12-20T10:48:16+00:00","breadcrumb":{"@id":"https:\/\/alithis.ch\/de\/product\/betrugsbekampfung-aufbaumodul-fur-fuhrungskrafte\/#breadcrumb"},"inLanguage":"de","potentialAction":[{"@type":"ReadAction","target":["https:\/\/alithis.ch\/de\/product\/betrugsbekampfung-aufbaumodul-fur-fuhrungskrafte\/"]}]},{"@type":"ImageObject","inLanguage":"de","@id":"https:\/\/alithis.ch\/de\/product\/betrugsbekampfung-aufbaumodul-fur-fuhrungskrafte\/#primaryimage","url":"https:\/\/i0.wp.com\/alithis.ch\/wp-content\/uploads\/2019\/11\/Bet-F%C3%BChr-e1665485725782.jpg?fit=500%2C330&ssl=1","contentUrl":"https:\/\/i0.wp.com\/alithis.ch\/wp-content\/uploads\/2019\/11\/Bet-F%C3%BChr-e1665485725782.jpg?fit=500%2C330&ssl=1","width":500,"height":330},{"@type":"BreadcrumbList","@id":"https:\/\/alithis.ch\/de\/product\/betrugsbekampfung-aufbaumodul-fur-fuhrungskrafte\/#breadcrumb","itemListElement":[{"@type":"ListItem","position":1,"name":"Home","item":"https:\/\/alithis.ch\/de\/"},{"@type":"ListItem","position":2,"name":"Compliance E-Learning","item":"https:\/\/alithis.ch\/de\/compliance-e-learning\/"},{"@type":"ListItem","position":3,"name":"Betrugsbek\u00e4mpfung Aufbaumodul f\u00fcr F\u00fchrungskr\u00e4fte"}]},{"@type":"WebSite","@id":"https:\/\/alithis.ch\/#website","url":"https:\/\/alithis.ch\/","name":"Alithis | For trusts and non-profits we are your partner","description":"For trusts and non-profits we are your partner","publisher":{"@id":"https:\/\/alithis.ch\/#organization"},"potentialAction":[{"@type":"SearchAction","target":{"@type":"EntryPoint","urlTemplate":"https:\/\/alithis.ch\/?s={search_term_string}"},"query-input":{"@type":"PropertyValueSpecification","valueRequired":true,"valueName":"search_term_string"}}],"inLanguage":"de"},{"@type":"Organization","@id":"https:\/\/alithis.ch\/#organization","name":"Alithis AG","url":"https:\/\/alithis.ch\/","logo":{"@type":"ImageObject","inLanguage":"de","@id":"https:\/\/alithis.ch\/#\/schema\/logo\/image\/","url":"https:\/\/i1.wp.com\/alithis.ch\/wp-content\/uploads\/2018\/10\/FINAL_Alithis_Logo_greenBG-01.png?fit=3508%2C944&ssl=1","contentUrl":"https:\/\/i1.wp.com\/alithis.ch\/wp-content\/uploads\/2018\/10\/FINAL_Alithis_Logo_greenBG-01.png?fit=3508%2C944&ssl=1","width":3508,"height":944,"caption":"Alithis AG"},"image":{"@id":"https:\/\/alithis.ch\/#\/schema\/logo\/image\/"},"sameAs":["https:\/\/x.com\/Alithis_Ltd","https:\/\/www.linkedin.com\/company\/alithis\/"]}]}},"jetpack_sharing_enabled":true,"jetpack-related-posts":[],"amp_enabled":true,"_links":{"self":[{"href":"https:\/\/alithis.ch\/de\/wp-json\/wp\/v2\/product\/2367","targetHints":{"allow":["GET"]}}],"collection":[{"href":"https:\/\/alithis.ch\/de\/wp-json\/wp\/v2\/product"}],"about":[{"href":"https:\/\/alithis.ch\/de\/wp-json\/wp\/v2\/types\/product"}],"wp:featuredmedia":[{"embeddable":true,"href":"https:\/\/alithis.ch\/de\/wp-json\/wp\/v2\/media\/2410"}],"wp:attachment":[{"href":"https:\/\/alithis.ch\/de\/wp-json\/wp\/v2\/media?parent=2367"}],"wp:term":[{"taxonomy":"product_brand","embeddable":true,"href":"https:\/\/alithis.ch\/de\/wp-json\/wp\/v2\/product_brand?post=2367"},{"taxonomy":"product_cat","embeddable":true,"href":"https:\/\/alithis.ch\/de\/wp-json\/wp\/v2\/product_cat?post=2367"},{"taxonomy":"product_tag","embeddable":true,"href":"https:\/\/alithis.ch\/de\/wp-json\/wp\/v2\/product_tag?post=2367"}],"curies":[{"name":"wp","href":"https:\/\/api.w.org\/{rel}","templated":true}]}}