{"id":1575,"date":"2019-01-07T04:17:25","date_gmt":"2019-01-07T04:17:25","guid":{"rendered":"https:\/\/alithis.ch\/uber-uns\/philosophie\/"},"modified":"2019-03-18T15:15:23","modified_gmt":"2019-03-18T15:15:23","slug":"philosophie","status":"publish","type":"page","link":"https:\/\/alithis.ch\/de\/uber-uns\/philosophie\/","title":{"rendered":"Philosophie"},"content":{"rendered":"<p><div class=\"fusion-fullwidth fullwidth-box fusion-builder-row-1 nonhundred-percent-fullwidth non-hundred-percent-height-scrolling fusion-equal-height-columns\" style=\"background-color: rgba(255,255,255,0);background-position: center center;background-repeat: no-repeat;padding-top:100px;padding-right:0px;padding-bottom:0px;padding-left:0px;margin-bottom: 0px;margin-top: 0px;border-width: 0px 0px 0px 0px;border-color:#eae9e9;border-style:solid;\" ><div class=\"fusion-builder-row fusion-row\"><div class=\"fusion-layout-column fusion_builder_column fusion-builder-column-0 fusion_builder_column_1_4 1_4 fusion-one-fourth fusion-column-first\" style=\"width:25%;width:calc(25% - ( ( 4% ) * 0.25 ) );margin-right: 4%;margin-top:0px;margin-bottom:20px;\"><div class=\"fusion-column-wrapper fusion-flex-column-wrapper-legacy\" style=\"background-position:left top;background-repeat:no-repeat;-webkit-background-size:cover;-moz-background-size:cover;-o-background-size:cover;background-size:cover;padding: 30px 0px 0px 0px;\"><style type=\"text\/css\"><\/style><div class=\"fusion-title title fusion-title-1 fusion-sep-none fusion-title-text fusion-title-size-two\" style=\"margin-top:0px;margin-right:0px;margin-bottom:31px;margin-left:0px;\"><h2 class=\"title-heading-left\" style=\"margin:0;\">Der Name<\/h2><\/div><div class=\"fusion-clearfix\"><\/div><\/div><\/div><div class=\"fusion-layout-column fusion_builder_column fusion-builder-column-1 fusion_builder_column_3_4 3_4 fusion-three-fourth fusion-column-last\" style=\"width:75%;width:calc(75% - ( ( 4% ) * 0.75 ) );margin-top:0px;margin-bottom:20px;\"><div class=\"fusion-column-wrapper fusion-flex-column-wrapper-legacy\" style=\"background-position:left top;background-repeat:no-repeat;-webkit-background-size:cover;-moz-background-size:cover;-o-background-size:cover;background-size:cover;padding: 0px 0px 0px 0px;\"><div class=\"fusion-column-content-centered\"><div class=\"fusion-column-content\"><span class=\" fusion-imageframe imageframe-none imageframe-1 hover-type-none\"><img data-recalc-dims=\"1\" decoding=\"async\" width=\"463\" height=\"171\" title=\"alithislogo\" src=\"https:\/\/i0.wp.com\/alithis.ch\/wp-content\/uploads\/2018\/08\/alithislogo.png?resize=463%2C171&#038;ssl=1\" class=\"img-responsive wp-image-880\" srcset=\"https:\/\/i0.wp.com\/alithis.ch\/wp-content\/uploads\/2018\/08\/alithislogo.png?resize=200%2C74&amp;ssl=1 200w, https:\/\/i0.wp.com\/alithis.ch\/wp-content\/uploads\/2018\/08\/alithislogo.png?resize=300%2C111&amp;ssl=1 300w, https:\/\/i0.wp.com\/alithis.ch\/wp-content\/uploads\/2018\/08\/alithislogo.png?resize=400%2C148&amp;ssl=1 400w, https:\/\/i0.wp.com\/alithis.ch\/wp-content\/uploads\/2018\/08\/alithislogo.png?resize=460%2C171&amp;ssl=1 460w, https:\/\/i0.wp.com\/alithis.ch\/wp-content\/uploads\/2018\/08\/alithislogo.png?w=463&amp;ssl=1 463w\" sizes=\"(max-width: 800px) 100vw, 463px\" \/><\/span><div class=\"fusion-text fusion-text-1\"><h4 style=\"text-align: center;\">Alithis ist griechisch (\u03b1\u03bb\u03b7\u03b8\u03ae\u03c2) und bedeutet \u201cwahr\u201d bzw. \u201cwirklich\u201d<\/h4>\n<\/div><\/div><\/div><div class=\"fusion-clearfix\"><\/div><\/div><\/div><\/div><\/div><div class=\"fusion-fullwidth fullwidth-box fusion-builder-row-2 fusion-parallax-none nonhundred-percent-fullwidth non-hundred-percent-height-scrolling\" style=\"background-color: rgba(255,255,255,0);background-image: url(&quot;https:\/\/alithis.ch\/wp-content\/uploads\/2018\/07\/Bottom-Header-2.svg&quot;);background-position: right top;background-repeat: no-repeat;padding-top:0px;padding-right:0px;padding-bottom:0px;padding-left:0px;margin-bottom: 0px;margin-top: 0px;border-width: 0px 0px 0px 0px;border-color:#eae9e9;border-style:solid;-webkit-background-size:cover;-moz-background-size:cover;-o-background-size:cover;background-size:cover;\" ><div class=\"fusion-builder-row fusion-row\"><div class=\"fusion-layout-column fusion_builder_column fusion-builder-column-2 fusion_builder_column_1_1 1_1 fusion-one-full fusion-column-first fusion-column-last\" style=\"margin-top:0px;margin-bottom:20px;\"><div class=\"fusion-column-wrapper fusion-flex-column-wrapper-legacy\" style=\"background-position:left top;background-repeat:no-repeat;-webkit-background-size:cover;-moz-background-size:cover;-o-background-size:cover;background-size:cover;padding: 100px 0px 100px 0px;\"><div class=\"fusion-sep-clear\"><\/div><div class=\"fusion-separator fusion-full-width-sep\" style=\"margin-left: auto;margin-right: auto;width:100%;\"><\/div><div class=\"fusion-sep-clear\"><\/div><div class=\"fusion-clearfix\"><\/div><\/div><\/div><\/div><\/div><div class=\"fusion-fullwidth fullwidth-box fusion-builder-row-3 nonhundred-percent-fullwidth non-hundred-percent-height-scrolling\" style=\"background-color: #e5f1ef;background-position: center center;background-repeat: no-repeat;padding-top:100px;padding-right:0px;padding-bottom:100px;padding-left:0px;margin-bottom: 0px;margin-top: 0px;border-width: 0px 0px 0px 0px;border-color:#eae9e9;border-style:solid;\" ><div class=\"fusion-builder-row fusion-row\"><div class=\"fusion-layout-column fusion_builder_column fusion-builder-column-3 fusion_builder_column_1_4 1_4 fusion-one-fourth fusion-column-first\" style=\"width:25%;width:calc(25% - ( ( 4% ) * 0.25 ) );margin-right: 4%;margin-top:0px;margin-bottom:20px;\"><div class=\"fusion-column-wrapper fusion-flex-column-wrapper-legacy\" style=\"background-position:left top;background-repeat:no-repeat;-webkit-background-size:cover;-moz-background-size:cover;-o-background-size:cover;background-size:cover;padding: 15px 0px 0px 0px;\"><style type=\"text\/css\"><\/style><div class=\"fusion-title title fusion-title-2 fusion-sep-none fusion-title-text fusion-title-size-two\" style=\"margin-top:0px;margin-right:0px;margin-bottom:31px;margin-left:0px;\"><h2 class=\"title-heading-left\" style=\"margin:0;\">Wirkliche Experten<\/h2><\/div><div class=\"fusion-clearfix\"><\/div><\/div><\/div><div class=\"fusion-layout-column fusion_builder_column fusion-builder-column-4 fusion_builder_column_3_4 3_4 fusion-three-fourth fusion-column-last\" style=\"width:75%;width:calc(75% - ( ( 4% ) * 0.75 ) );margin-top:0px;margin-bottom:20px;\"><div class=\"fusion-column-wrapper fusion-flex-column-wrapper-legacy\" style=\"background-position:left top;background-repeat:no-repeat;-webkit-background-size:cover;-moz-background-size:cover;-o-background-size:cover;background-size:cover;padding: 0px 0px 0px 0px;\"><div class=\"fusion-column-content-centered\"><div class=\"fusion-column-content\"><div class=\"fusion-text fusion-text-2\"><h4>Gem\u00e4ss Nassim Nicholas Taleb, differenzierten die Alten Griechen zwischen techne (K\u00f6nnen, Wissen) und episteme (Wissenschaft, Wissen). F\u00fcr Nassim Taleb, ist es das Know-How das den \u201cWirklichen Experten\u201d ausmacht (The Black Swan, 2te Edition, Random House, p. 146).<\/h4>\n<h4>Bei Alithis stellen wir sicher, dass unsere Kunden vom Know-How wirklicher Experten profitieren. Wir sagen Ihnen nicht nur was das Gesetz sagt, wir setzen es um. Wir helfen Ihrem Unternehmen beim \u00dcbersetzen der Vorschriften ins Gesch\u00e4ftsleben und erh\u00f6hen dabei Ihren Gewinn, Ihre Wirkung oder beides.<\/h4>\n<ul>\n<li>\n<h4>Wir sind uns bewusst, dass im Leben und im Unternehmen die Einhaltung von Gesetzen und Regulierungen immer beachtet werden m\u00fcssen, andere Faktoren jedoch auch eine gr\u00f6ssere Rolle spielen k\u00f6nnen.<\/h4>\n<\/li>\n<li>\n<h4>Wir l\u00f6sen Probleme, die unsere Klienten nicht selber l\u00f6sen k\u00f6nnen, sei es aufgrund mangelnder Expertise oder fehlender Ressourcen.<\/h4>\n<\/li>\n<li>\n<h4>Wir krempeln die \u00c4rmel hoch und haben keine Angst anzupacken.<\/h4>\n<\/li>\n<li>\n<h4>Wir helfen Ihnen die richtige Entscheidung zu treffen oder wir k\u00f6nnen auch ein Teil der Entscheidung sein.<\/h4>\n<\/li>\n<\/ul>\n<\/div><\/div><\/div><div class=\"fusion-clearfix\"><\/div><\/div><\/div><\/div><\/div><div class=\"fusion-fullwidth fullwidth-box fusion-builder-row-4 fusion-parallax-none nonhundred-percent-fullwidth non-hundred-percent-height-scrolling\" style=\"background-color: rgba(255,255,255,0);background-image: url(&quot;https:\/\/alithis.ch\/wp-content\/uploads\/2018\/09\/Bottom-Header-2-8.svg&quot;);background-position: left bottom;background-repeat: no-repeat;padding-top:-50px;padding-right:0px;padding-bottom:0px;padding-left:0px;margin-bottom: 0px;border-width: 0px 0px 0px 0px;border-color:#eae9e9;border-style:solid;-webkit-background-size:cover;-moz-background-size:cover;-o-background-size:cover;background-size:cover;\" ><div class=\"fusion-builder-row fusion-row\"><div class=\"fusion-layout-column fusion_builder_column fusion-builder-column-5 fusion_builder_column_1_1 1_1 fusion-one-full fusion-column-first fusion-column-last\" style=\"margin-top:0px;margin-bottom:20px;\"><div class=\"fusion-column-wrapper fusion-flex-column-wrapper-legacy\" style=\"background-position:left top;background-repeat:no-repeat;-webkit-background-size:cover;-moz-background-size:cover;-o-background-size:cover;background-size:cover;padding: 100px 0px 100px 0px;\"><div class=\"fusion-sep-clear\"><\/div><div class=\"fusion-separator fusion-full-width-sep\" style=\"margin-left: auto;margin-right: auto;width:100%;\"><\/div><div class=\"fusion-sep-clear\"><\/div><div class=\"fusion-clearfix\"><\/div><\/div><\/div><\/div><\/div><div class=\"fusion-fullwidth fullwidth-box fusion-builder-row-5 nonhundred-percent-fullwidth non-hundred-percent-height-scrolling fusion-equal-height-columns\" style=\"background-color: rgba(255,255,255,0);background-position: center center;background-repeat: no-repeat;padding-top:50px;padding-right:0px;padding-bottom:50px;padding-left:0px;margin-bottom: 0px;margin-top: 0px;border-width: 0px 0px 0px 0px;border-color:#eae9e9;border-style:solid;\" ><div class=\"fusion-builder-row fusion-row\"><div class=\"fusion-layout-column fusion_builder_column fusion-builder-column-6 fusion_builder_column_1_4 1_4 fusion-one-fourth fusion-column-first\" style=\"width:25%;width:calc(25% - ( ( 4% ) * 0.25 ) );margin-right: 4%;margin-top:0px;margin-bottom:20px;\"><div class=\"fusion-column-wrapper fusion-flex-column-wrapper-legacy\" style=\"background-position:left top;background-repeat:no-repeat;-webkit-background-size:cover;-moz-background-size:cover;-o-background-size:cover;background-size:cover;padding: 15px 0px 0px 0px;\"><style type=\"text\/css\"><\/style><div class=\"fusion-title title fusion-title-3 fusion-sep-none fusion-title-text fusion-title-size-two\" style=\"margin-top:0px;margin-right:0px;margin-bottom:31px;margin-left:0px;\"><h2 class=\"title-heading-left\" style=\"margin:0;\">Sense and Respond<\/h2><\/div><div class=\"fusion-clearfix\"><\/div><\/div><\/div><div class=\"fusion-layout-column fusion_builder_column fusion-builder-column-7 fusion_builder_column_3_4 3_4 fusion-three-fourth fusion-column-last\" style=\"width:75%;width:calc(75% - ( ( 4% ) * 0.75 ) );margin-top:0px;margin-bottom:20px;\"><div class=\"fusion-column-wrapper fusion-flex-column-wrapper-legacy\" style=\"background-position:left top;background-repeat:no-repeat;-webkit-background-size:cover;-moz-background-size:cover;-o-background-size:cover;background-size:cover;padding: 0px 0px 0px 0px;\"><div class=\"fusion-column-content-centered\"><div class=\"fusion-column-content\"><div class=\"fusion-text fusion-text-3\"><h4>Der immer schneller werdende technologische Fortschritt, eine schrumpfende Welt aufgrund Globalisierung und zunehmende Regulierung sind nur einige Gr\u00fcnde warum das Gesch\u00e4ftsleben immer komplexer wird.<\/h4>\n<h4>Wir glauben, dass heute das Erfolgskonzept eine ausgepr\u00e4gte Anpassungsf\u00e4higkeit an wechselnde Umst\u00e4nde ist. Anstatt zu versuchen die Zukunft vorauszusagen und zu kontrollieren, sind erfolgreiche Organisationen aufmerksam und dynamisch.<\/h4>\n<h4>Wir bei Alithis sind die Wachposten unserer Kunden auf der rechtlichen und regulatorischen Seite. Bei Bedarf unterst\u00fctzen wir unsere Kunden dabei, sich dynamisch anzupassen, indem wir:<\/h4>\n<ul>\n<li>\n<h4>Die Compliance nahe beim Gesch\u00e4ft behalten<\/h4>\n<\/li>\n<li>\n<h4>Unternehmensprozesse auf eine weitsichtige aber trotzdem flexible Weise entwerfen<\/h4>\n<\/li>\n<li>\n<h4>Ihre Mitarbeiter bef\u00e4higen auf eine konforme und effiziente Weise gesch\u00e4ftst\u00fcchtig zu sein<\/h4>\n<\/li>\n<li>\n<h4>Mit Coaching und Schulungen eine Compliance Kultur aufbauen<\/h4>\n<\/li>\n<\/ul>\n<\/div><\/div><\/div><div class=\"fusion-clearfix\"><\/div><\/div><\/div><\/div><\/div><\/p>\n","protected":false},"excerpt":{"rendered":"","protected":false},"author":1,"featured_media":0,"parent":1487,"menu_order":2,"comment_status":"closed","ping_status":"closed","template":"100-width.php","meta":{"_monsterinsights_skip_tracking":false,"_monsterinsights_sitenote_active":false,"_monsterinsights_sitenote_note":"","_monsterinsights_sitenote_category":0,"jetpack_post_was_ever_published":false,"footnotes":""},"class_list":["post-1575","page","type-page","status-publish","hentry"],"yoast_head":"<!-- This site is optimized with the Yoast SEO plugin v27.3 - https:\/\/yoast.com\/product\/yoast-seo-wordpress\/ -->\n<title>Philosophie &#8211; Alithis | For trusts and non-profits we are your partner<\/title>\n<meta name=\"description\" content=\"For trusts and non-profits we are you partner\" \/>\n<meta name=\"robots\" content=\"index, follow, max-snippet:-1, max-image-preview:large, max-video-preview:-1\" \/>\n<link rel=\"canonical\" href=\"https:\/\/alithis.ch\/de\/uber-uns\/philosophie\/\" \/>\n<meta property=\"og:locale\" content=\"de_DE\" \/>\n<meta property=\"og:type\" content=\"article\" \/>\n<meta property=\"og:title\" content=\"Philosophie &#8211; Alithis | For trusts and non-profits we are your partner\" \/>\n<meta property=\"og:description\" content=\"For trusts and non-profits we are you partner\" \/>\n<meta property=\"og:url\" content=\"https:\/\/alithis.ch\/de\/uber-uns\/philosophie\/\" \/>\n<meta property=\"og:site_name\" content=\"Alithis | For trusts and non-profits we are your partner\" \/>\n<meta property=\"article:modified_time\" content=\"2019-03-18T15:15:23+00:00\" \/>\n<meta name=\"twitter:card\" content=\"summary_large_image\" \/>\n<meta name=\"twitter:site\" content=\"@Alithis_Ltd\" \/>\n<meta name=\"twitter:label1\" content=\"Gesch\u00e4tzte Lesezeit\" \/>\n\t<meta name=\"twitter:data1\" content=\"9\u00a0Minuten\" \/>\n<script type=\"application\/ld+json\" class=\"yoast-schema-graph\">{\"@context\":\"https:\\\/\\\/schema.org\",\"@graph\":[{\"@type\":\"WebPage\",\"@id\":\"https:\\\/\\\/alithis.ch\\\/de\\\/uber-uns\\\/philosophie\\\/\",\"url\":\"https:\\\/\\\/alithis.ch\\\/de\\\/uber-uns\\\/philosophie\\\/\",\"name\":\"Philosophie &#8211; Alithis | For trusts and non-profits we are your partner\",\"isPartOf\":{\"@id\":\"https:\\\/\\\/alithis.ch\\\/#website\"},\"datePublished\":\"2019-01-07T04:17:25+00:00\",\"dateModified\":\"2019-03-18T15:15:23+00:00\",\"description\":\"For trusts and non-profits we are you partner\",\"breadcrumb\":{\"@id\":\"https:\\\/\\\/alithis.ch\\\/de\\\/uber-uns\\\/philosophie\\\/#breadcrumb\"},\"inLanguage\":\"de\",\"potentialAction\":[{\"@type\":\"ReadAction\",\"target\":[\"https:\\\/\\\/alithis.ch\\\/de\\\/uber-uns\\\/philosophie\\\/\"]}]},{\"@type\":\"BreadcrumbList\",\"@id\":\"https:\\\/\\\/alithis.ch\\\/de\\\/uber-uns\\\/philosophie\\\/#breadcrumb\",\"itemListElement\":[{\"@type\":\"ListItem\",\"position\":1,\"name\":\"Home\",\"item\":\"https:\\\/\\\/alithis.ch\\\/de\\\/\"},{\"@type\":\"ListItem\",\"position\":2,\"name\":\"\u00dcber uns\",\"item\":\"https:\\\/\\\/alithis.ch\\\/de\\\/uber-uns\\\/\"},{\"@type\":\"ListItem\",\"position\":3,\"name\":\"Philosophie\"}]},{\"@type\":\"WebSite\",\"@id\":\"https:\\\/\\\/alithis.ch\\\/#website\",\"url\":\"https:\\\/\\\/alithis.ch\\\/\",\"name\":\"Alithis | For trusts and non-profits we are your partner\",\"description\":\"For trusts and non-profits we are your partner\",\"publisher\":{\"@id\":\"https:\\\/\\\/alithis.ch\\\/#organization\"},\"potentialAction\":[{\"@type\":\"SearchAction\",\"target\":{\"@type\":\"EntryPoint\",\"urlTemplate\":\"https:\\\/\\\/alithis.ch\\\/?s={search_term_string}\"},\"query-input\":{\"@type\":\"PropertyValueSpecification\",\"valueRequired\":true,\"valueName\":\"search_term_string\"}}],\"inLanguage\":\"de\"},{\"@type\":\"Organization\",\"@id\":\"https:\\\/\\\/alithis.ch\\\/#organization\",\"name\":\"Alithis AG\",\"url\":\"https:\\\/\\\/alithis.ch\\\/\",\"logo\":{\"@type\":\"ImageObject\",\"inLanguage\":\"de\",\"@id\":\"https:\\\/\\\/alithis.ch\\\/#\\\/schema\\\/logo\\\/image\\\/\",\"url\":\"https:\\\/\\\/i1.wp.com\\\/alithis.ch\\\/wp-content\\\/uploads\\\/2018\\\/10\\\/FINAL_Alithis_Logo_greenBG-01.png?fit=3508%2C944&ssl=1\",\"contentUrl\":\"https:\\\/\\\/i1.wp.com\\\/alithis.ch\\\/wp-content\\\/uploads\\\/2018\\\/10\\\/FINAL_Alithis_Logo_greenBG-01.png?fit=3508%2C944&ssl=1\",\"width\":3508,\"height\":944,\"caption\":\"Alithis AG\"},\"image\":{\"@id\":\"https:\\\/\\\/alithis.ch\\\/#\\\/schema\\\/logo\\\/image\\\/\"},\"sameAs\":[\"https:\\\/\\\/x.com\\\/Alithis_Ltd\",\"https:\\\/\\\/www.linkedin.com\\\/company\\\/alithis\\\/\"]}]}<\/script>\n<!-- \/ Yoast SEO plugin. -->","yoast_head_json":{"title":"Philosophie &#8211; Alithis | For trusts and non-profits we are your partner","description":"For trusts and non-profits we are you partner","robots":{"index":"index","follow":"follow","max-snippet":"max-snippet:-1","max-image-preview":"max-image-preview:large","max-video-preview":"max-video-preview:-1"},"canonical":"https:\/\/alithis.ch\/de\/uber-uns\/philosophie\/","og_locale":"de_DE","og_type":"article","og_title":"Philosophie &#8211; Alithis | For trusts and non-profits we are your partner","og_description":"For trusts and non-profits we are you partner","og_url":"https:\/\/alithis.ch\/de\/uber-uns\/philosophie\/","og_site_name":"Alithis | For trusts and non-profits we are your partner","article_modified_time":"2019-03-18T15:15:23+00:00","twitter_card":"summary_large_image","twitter_site":"@Alithis_Ltd","twitter_misc":{"Gesch\u00e4tzte Lesezeit":"9\u00a0Minuten"},"schema":{"@context":"https:\/\/schema.org","@graph":[{"@type":"WebPage","@id":"https:\/\/alithis.ch\/de\/uber-uns\/philosophie\/","url":"https:\/\/alithis.ch\/de\/uber-uns\/philosophie\/","name":"Philosophie &#8211; Alithis | For trusts and non-profits we are your partner","isPartOf":{"@id":"https:\/\/alithis.ch\/#website"},"datePublished":"2019-01-07T04:17:25+00:00","dateModified":"2019-03-18T15:15:23+00:00","description":"For trusts and non-profits we are you partner","breadcrumb":{"@id":"https:\/\/alithis.ch\/de\/uber-uns\/philosophie\/#breadcrumb"},"inLanguage":"de","potentialAction":[{"@type":"ReadAction","target":["https:\/\/alithis.ch\/de\/uber-uns\/philosophie\/"]}]},{"@type":"BreadcrumbList","@id":"https:\/\/alithis.ch\/de\/uber-uns\/philosophie\/#breadcrumb","itemListElement":[{"@type":"ListItem","position":1,"name":"Home","item":"https:\/\/alithis.ch\/de\/"},{"@type":"ListItem","position":2,"name":"\u00dcber uns","item":"https:\/\/alithis.ch\/de\/uber-uns\/"},{"@type":"ListItem","position":3,"name":"Philosophie"}]},{"@type":"WebSite","@id":"https:\/\/alithis.ch\/#website","url":"https:\/\/alithis.ch\/","name":"Alithis | For trusts and non-profits we are your partner","description":"For trusts and non-profits we are your partner","publisher":{"@id":"https:\/\/alithis.ch\/#organization"},"potentialAction":[{"@type":"SearchAction","target":{"@type":"EntryPoint","urlTemplate":"https:\/\/alithis.ch\/?s={search_term_string}"},"query-input":{"@type":"PropertyValueSpecification","valueRequired":true,"valueName":"search_term_string"}}],"inLanguage":"de"},{"@type":"Organization","@id":"https:\/\/alithis.ch\/#organization","name":"Alithis AG","url":"https:\/\/alithis.ch\/","logo":{"@type":"ImageObject","inLanguage":"de","@id":"https:\/\/alithis.ch\/#\/schema\/logo\/image\/","url":"https:\/\/i1.wp.com\/alithis.ch\/wp-content\/uploads\/2018\/10\/FINAL_Alithis_Logo_greenBG-01.png?fit=3508%2C944&ssl=1","contentUrl":"https:\/\/i1.wp.com\/alithis.ch\/wp-content\/uploads\/2018\/10\/FINAL_Alithis_Logo_greenBG-01.png?fit=3508%2C944&ssl=1","width":3508,"height":944,"caption":"Alithis AG"},"image":{"@id":"https:\/\/alithis.ch\/#\/schema\/logo\/image\/"},"sameAs":["https:\/\/x.com\/Alithis_Ltd","https:\/\/www.linkedin.com\/company\/alithis\/"]}]}},"jetpack_shortlink":"https:\/\/wp.me\/P9UWbL-pp","jetpack_sharing_enabled":true,"jetpack-related-posts":[],"amp_enabled":false,"_links":{"self":[{"href":"https:\/\/alithis.ch\/de\/wp-json\/wp\/v2\/pages\/1575","targetHints":{"allow":["GET"]}}],"collection":[{"href":"https:\/\/alithis.ch\/de\/wp-json\/wp\/v2\/pages"}],"about":[{"href":"https:\/\/alithis.ch\/de\/wp-json\/wp\/v2\/types\/page"}],"author":[{"embeddable":true,"href":"https:\/\/alithis.ch\/de\/wp-json\/wp\/v2\/users\/1"}],"replies":[{"embeddable":true,"href":"https:\/\/alithis.ch\/de\/wp-json\/wp\/v2\/comments?post=1575"}],"version-history":[{"count":10,"href":"https:\/\/alithis.ch\/de\/wp-json\/wp\/v2\/pages\/1575\/revisions"}],"predecessor-version":[{"id":1932,"href":"https:\/\/alithis.ch\/de\/wp-json\/wp\/v2\/pages\/1575\/revisions\/1932"}],"up":[{"embeddable":true,"href":"https:\/\/alithis.ch\/de\/wp-json\/wp\/v2\/pages\/1487"}],"wp:attachment":[{"href":"https:\/\/alithis.ch\/de\/wp-json\/wp\/v2\/media?parent=1575"}],"curies":[{"name":"wp","href":"https:\/\/api.w.org\/{rel}","templated":true}]}}