{"id":1563,"date":"2019-01-07T03:55:35","date_gmt":"2019-01-07T03:55:35","guid":{"rendered":"https:\/\/alithis.ch\/uber-uns\/team\/rahel-liviero\/"},"modified":"2024-09-13T13:40:17","modified_gmt":"2024-09-13T11:40:17","slug":"rahel-liviero","status":"publish","type":"page","link":"https:\/\/alithis.ch\/de\/team\/rahel-liviero\/","title":{"rendered":"Rahel Liviero"},"content":{"rendered":"<div class=\"fusion-fullwidth fullwidth-box fusion-builder-row-1 nonhundred-percent-fullwidth non-hundred-percent-height-scrolling\" style=\"background-color: rgba(255,255,255,0);background-position: center center;background-repeat: no-repeat;padding-top:0px;padding-right:0px;padding-bottom:0px;padding-left:0px;margin-bottom: 0px;margin-top: 0px;border-width: 0px 0px 0px 0px;border-color:#eae9e9;border-style:solid;\" ><div class=\"fusion-builder-row fusion-row\"><div class=\"fusion-layout-column fusion_builder_column fusion-builder-column-0 fusion_builder_column_1_2 1_2 fusion-one-half fusion-column-first\" style=\"width:50%;width:calc(50% - ( ( 4% ) * 0.5 ) );margin-right: 4%;margin-top:0px;margin-bottom:20px;\"><div class=\"fusion-column-wrapper fusion-flex-column-wrapper-legacy\" style=\"background-position:left top;background-repeat:no-repeat;-webkit-background-size:cover;-moz-background-size:cover;-o-background-size:cover;background-size:cover;padding: 0px 0px 0px 0px;\"><div class=\"imageframe-align-center\"><span class=\" fusion-imageframe imageframe-none imageframe-1 hover-type-none\" style=\"border-radius:50%;width:100%;max-width:350px;\"><a class=\"fusion-no-lightbox\" href=\"https:\/\/alithis.ch\/de\/uber-uns\/team\/rahel-liviero\/?lang=de\" target=\"_self\" aria-label=\"Rahel-final\"><img data-recalc-dims=\"1\" decoding=\"async\" width=\"1100\" height=\"1100\" src=\"https:\/\/i0.wp.com\/alithis.ch\/wp-content\/uploads\/2024\/09\/Rahel-final.png?resize=1100%2C1100&#038;ssl=1\" class=\"img-responsive wp-image-12077\" srcset=\"https:\/\/i0.wp.com\/alithis.ch\/wp-content\/uploads\/2024\/09\/Rahel-final.png?resize=66%2C66&amp;ssl=1 66w, https:\/\/i0.wp.com\/alithis.ch\/wp-content\/uploads\/2024\/09\/Rahel-final.png?resize=100%2C100&amp;ssl=1 100w, https:\/\/i0.wp.com\/alithis.ch\/wp-content\/uploads\/2024\/09\/Rahel-final.png?resize=150%2C150&amp;ssl=1 150w, https:\/\/i0.wp.com\/alithis.ch\/wp-content\/uploads\/2024\/09\/Rahel-final.png?resize=200%2C200&amp;ssl=1 200w, https:\/\/i0.wp.com\/alithis.ch\/wp-content\/uploads\/2024\/09\/Rahel-final.png?resize=300%2C300&amp;ssl=1 300w, https:\/\/i0.wp.com\/alithis.ch\/wp-content\/uploads\/2024\/09\/Rahel-final.png?resize=400%2C400&amp;ssl=1 400w, https:\/\/i0.wp.com\/alithis.ch\/wp-content\/uploads\/2024\/09\/Rahel-final.png?resize=500%2C500&amp;ssl=1 500w, https:\/\/i0.wp.com\/alithis.ch\/wp-content\/uploads\/2024\/09\/Rahel-final.png?resize=600%2C600&amp;ssl=1 600w, https:\/\/i0.wp.com\/alithis.ch\/wp-content\/uploads\/2024\/09\/Rahel-final.png?resize=700%2C700&amp;ssl=1 700w, https:\/\/i0.wp.com\/alithis.ch\/wp-content\/uploads\/2024\/09\/Rahel-final.png?resize=768%2C768&amp;ssl=1 768w, https:\/\/i0.wp.com\/alithis.ch\/wp-content\/uploads\/2024\/09\/Rahel-final.png?resize=800%2C800&amp;ssl=1 800w, https:\/\/i0.wp.com\/alithis.ch\/wp-content\/uploads\/2024\/09\/Rahel-final.png?resize=1024%2C1024&amp;ssl=1 1024w, https:\/\/i0.wp.com\/alithis.ch\/wp-content\/uploads\/2024\/09\/Rahel-final.png?resize=1200%2C1200&amp;ssl=1 1200w, https:\/\/i0.wp.com\/alithis.ch\/wp-content\/uploads\/2024\/09\/Rahel-final.png?resize=1536%2C1536&amp;ssl=1 1536w, https:\/\/i0.wp.com\/alithis.ch\/wp-content\/uploads\/2024\/09\/Rahel-final.png?w=2200&amp;ssl=1 2200w, https:\/\/i0.wp.com\/alithis.ch\/wp-content\/uploads\/2024\/09\/Rahel-final.png?w=3257&amp;ssl=1 3257w\" sizes=\"(max-width: 800px) 100vw, 600px\" \/><\/a><\/span><\/div><div class=\"fusion-clearfix\"><\/div><\/div><\/div><div class=\"fusion-layout-column fusion_builder_column fusion-builder-column-1 fusion_builder_column_1_2 1_2 fusion-one-half fusion-column-last\" style=\"width:50%;width:calc(50% - ( ( 4% ) * 0.5 ) );margin-top:0px;margin-bottom:20px;\"><div class=\"fusion-column-wrapper fusion-flex-column-wrapper-legacy\" style=\"background-position:left top;background-repeat:no-repeat;-webkit-background-size:cover;-moz-background-size:cover;-o-background-size:cover;background-size:cover;padding: 0px 0px 0px 0px;\"><div class=\"fusion-column-content-centered\"><div class=\"fusion-column-content\"><div class=\"fusion-text fusion-text-1\"><h2><span style=\"color: #007363;\">Rahel Liviero, COO\/Consultant<\/span><\/h2>\n<h3>BSc ZFH, B.A.<\/h3>\n<\/div><div class=\"fusion-text fusion-text-2\"><p><span style=\"font-weight: 400;\">Rahel ist verantwortlich f\u00fcr die operative Leistungsf\u00e4higkeit von Alithis. Rahel schafft einen Mehrwert f\u00fcr unsere hoch-angesehenen Kunden und kann auf langj\u00e4hrige Erfahrung im Private Clients Sektor sowie als Assistenz des Compliance Verantwortlichen betreffend Revision zur\u00fcckgreifen. Dar\u00fcber hinaus konnte Rahel als Freiwillige und Vorstandsmitglied f\u00fcr verschiedene Organisationen vertiefte Einblicke in die Welt der gemeinn\u00fctzigen Organisationen gewinnen.<\/span><\/p>\n<\/div><div class=\"fusion-sep-clear\"><\/div><div class=\"fusion-separator fusion-full-width-sep\" style=\"margin-left: auto;margin-right: auto;margin-top:20px;margin-bottom:20px;width:100%;\"><\/div><div class=\"fusion-sep-clear\"><\/div><div class=\"fusion-social-links\"><div class=\"fusion-social-networks\"><div class=\"fusion-social-networks-wrapper\"><a class=\"fusion-social-network-icon fusion-tooltip fusion-twitter fusion-icon-twitter\" style=\"color:#bebdbd;font-size:16px;\" data-placement=\"top\" data-title=\"Twitter\" data-toggle=\"tooltip\" title=\"Twitter\" aria-label=\"twitter\" target=\"_blank\" rel=\"noopener noreferrer\" href=\"https:\/\/twitter.com\/RahelAlithis\"><\/a><a class=\"fusion-social-network-icon fusion-tooltip fusion-linkedin fusion-icon-linkedin\" style=\"color:#bebdbd;font-size:16px;\" data-placement=\"top\" data-title=\"LinkedIn\" data-toggle=\"tooltip\" title=\"LinkedIn\" aria-label=\"linkedin\" target=\"_blank\" rel=\"noopener noreferrer\" href=\"https:\/\/www.linkedin.com\/in\/rahel-liviero-4500a8169\/?originalSubdomain=ch\"><\/a><a class=\"fusion-social-network-icon fusion-tooltip fusion-mail fusion-icon-mail\" style=\"color:#bebdbd;font-size:16px;\" data-placement=\"top\" data-title=\"Email\" data-toggle=\"tooltip\" title=\"Email\" aria-label=\"mail\" target=\"_blank\" rel=\"noopener noreferrer\" href=\"mailto:rahel&#046;liv&#105;&#101;ro&#064;&#097;&#108;&#105;&#116;h&#105;&#115;&#046;c&#104;\"><\/a><\/div><\/div><\/div><div class=\"fusion-sep-clear\"><\/div><div class=\"fusion-separator fusion-full-width-sep\" style=\"margin-left: auto;margin-right: auto;margin-top:20px;margin-bottom:20px;width:100%;\"><\/div><div class=\"fusion-sep-clear\"><\/div><div class=\"fusion-builder-row fusion-builder-row-inner fusion-row\"><div class=\"fusion-layout-column fusion_builder_column_inner fusion-builder-nested-column-0 fusion_builder_column_inner_1_2 1_2 fusion-one-half fusion-column-first\" style=\"width:50%;width:calc(50% - ( ( 4% + 4% ) * 0.5 ) );margin-right: 4%;margin-top:0px;margin-bottom:20px;\"><div class=\"fusion-column-wrapper fusion-flex-column-wrapper-legacy\" style=\"background-position:left top;background-repeat:no-repeat;-webkit-background-size:cover;-moz-background-size:cover;-o-background-size:cover;background-size:cover;padding: 0px 0px 0px 0px;\"><div class=\"fusion-text fusion-text-3\"><p><span style=\"color: #007363;\"><a style=\"color: #007363;\" href=\"mailto:rahel.liviero@alithis.ch\">rahel.liviero@alithis.ch<\/a><\/span><br \/>\n<span style=\"color: #007363;\"><a style=\"color: #007363;\" href=\"tel:+41445204012\">+41 44 520 40 12<\/a><\/span><\/p>\n<\/div><div class=\"fusion-clearfix\"><\/div><\/div><\/div><div class=\"fusion-layout-column fusion_builder_column_inner fusion-builder-nested-column-1 fusion_builder_column_inner_1_4 1_4 fusion-one-fourth\" style=\"width:25%;width:calc(25% - ( ( 4% + 4% ) * 0.25 ) );margin-right: 4%;margin-top:0px;margin-bottom:20px;\"><div class=\"fusion-column-wrapper fusion-flex-column-wrapper-legacy\" style=\"background-position:left top;background-repeat:no-repeat;-webkit-background-size:cover;-moz-background-size:cover;-o-background-size:cover;background-size:cover;padding: 0px 0px 0px 0px;\"><div class=\"fusion-button-wrapper\"><style type=\"text\/css\">.fusion-button.button-1 {border-radius:0px;}.fusion-button.button-1 .fusion-button-text {text-transform:none;}<\/style><a class=\"fusion-button button-flat button-small button-default button-1 fusion-button-span-no fusion-button-default-type\" target=\"_self\" href=\"https:\/\/alithis.ch\/wp-content\/uploads\/2024\/09\/20240905-Alithis-CV_Rahel_Photo_FINAL_DE.pdf\"><span class=\"fusion-button-text\">Download CV<\/span><\/a><\/div><div class=\"fusion-clearfix\"><\/div><\/div><\/div><div class=\"fusion-layout-column fusion_builder_column_inner fusion-builder-nested-column-2 fusion_builder_column_inner_1_4 1_4 fusion-one-fourth fusion-column-last\" style=\"width:25%;width:calc(25% - ( ( 4% + 4% ) * 0.25 ) );margin-top:0px;margin-bottom:20px;\"><div class=\"fusion-column-wrapper fusion-flex-column-wrapper-legacy\" style=\"background-position:left top;background-repeat:no-repeat;-webkit-background-size:cover;-moz-background-size:cover;-o-background-size:cover;background-size:cover;padding: 0px 0px 0px 0px;\"><div class=\"fusion-button-wrapper\"><style type=\"text\/css\">.fusion-button.button-2 {border-radius:0px;}<\/style><a class=\"fusion-button button-flat button-small button-default button-2 fusion-button-span-no fusion-button-default-type\" target=\"_self\" href=\"https:\/\/alithis.ch\/wp-content\/uploads\/2020\/03\/Rahel-Liviero.vcf\"><span class=\"fusion-button-text\">vCard<\/span><\/a><\/div><div class=\"fusion-clearfix\"><\/div><\/div><\/div><\/div><\/div><\/div><div class=\"fusion-clearfix\"><\/div><\/div><\/div><div class=\"fusion-layout-column fusion_builder_column fusion-builder-column-2 fusion_builder_column_1_3 1_3 fusion-one-third fusion-column-first\" style=\"width:33.333333333333%;width:calc(33.333333333333% - ( ( 4% + 4% ) * 0.33333333333333 ) );margin-right: 4%;margin-top:0px;margin-bottom:20px;\"><div class=\"fusion-column-wrapper fusion-flex-column-wrapper-legacy\" style=\"background-position:left top;background-repeat:no-repeat;-webkit-background-size:cover;-moz-background-size:cover;-o-background-size:cover;background-size:cover;padding: 0px 0px 0px 0px;\"><style type=\"text\/css\"><\/style><div class=\"fusion-title title fusion-title-1 sep-underline sep-dotted fusion-title-text fusion-title-size-three\" style=\"border-bottom-color:#e0dede;margin-top:20px;margin-right:0px;margin-bottom:20px;margin-left:0px;\"><h3 class=\"title-heading-left\" style=\"margin:0;\">Thematische Schwerpunkte<\/h3><\/div><div class=\"fusion-text fusion-text-4\"><ul class=\"listing\">\n<li style=\"font-weight: 400;\"><span style=\"font-weight: 400;\">Trusts<\/span><\/li>\n<li>Compliance (AML, CRS, FATCA)<\/li>\n<li>Legal Poject Mangement<\/li>\n<li>Gemeinn\u00fctzige Organisationen<\/li>\n<\/ul>\n<\/div><div class=\"fusion-clearfix\"><\/div><\/div><\/div><div class=\"fusion-layout-column fusion_builder_column fusion-builder-column-3 fusion_builder_column_1_3 1_3 fusion-one-third\" style=\"width:33.333333333333%;width:calc(33.333333333333% - ( ( 4% + 4% ) * 0.33333333333333 ) );margin-right: 4%;margin-top:0px;margin-bottom:20px;\"><div class=\"fusion-column-wrapper fusion-flex-column-wrapper-legacy\" style=\"background-position:left top;background-repeat:no-repeat;-webkit-background-size:cover;-moz-background-size:cover;-o-background-size:cover;background-size:cover;padding: 0px 0px 0px 0px;\"><style type=\"text\/css\"><\/style><div class=\"fusion-title title fusion-title-2 sep-underline sep-dotted fusion-title-text fusion-title-size-three\" style=\"border-bottom-color:#e0dede;margin-top:20px;margin-right:0px;margin-bottom:20px;margin-left:0px;\"><h3 class=\"title-heading-left\" style=\"margin:0;\">Arbeitserfahrung<\/h3><\/div><div class=\"fusion-text fusion-text-5\"><ul>\n<li style=\"font-weight: 400;\"><strong>2023 \u2013 <\/strong><span style=\"font-weight: 400;\"><strong>Heute<\/strong><\/span><i><span style=\"font-weight: 400;\"> COO\/Consultant<\/span><\/i><span style=\"font-weight: 400;\">, Alithis AG, Z\u00fcrich<\/span><\/li>\n<li style=\"font-weight: 400;\"><strong>2018 \u2013 2023<\/strong><i><span style=\"font-weight: 400;\"> Head Operation \/Junior Consultant<\/span><\/i><span style=\"font-weight: 400;\">, Alithis AG, Z\u00fcrich<\/span><\/li>\n<li style=\"font-weight: 400;\"><span style=\"font-weight: 400;\"><strong>2010 \u2013 2018<\/strong><\/span> <i><span style=\"font-weight: 400;\">Paralegal\/Anwaltsassistentin (inkl. 4 Jahre Assistenz des Compliance Verantwortlichen)<\/span><\/i><span style=\"font-weight: 400;\">, BodmerFischer Ltd, Z\u00fcrich<\/span><\/li>\n<li style=\"font-weight: 400;\"><span style=\"font-weight: 400;\"><strong>2010 \u2013 2010<\/strong> <\/span><i><span style=\"font-weight: 400;\">Praktikantin<\/span><\/i><span style=\"font-weight: 400;\">, ProLitteris, Z\u00fcrich<\/span><\/li>\n<li style=\"font-weight: 400;\"><strong>2008 \u2013 2009\u00a0<\/strong><i><span style=\"font-weight: 400;\">Anwaltsassistentin<\/span><\/i><span style=\"font-weight: 400;\">, Homburger AG, Z\u00fcrich<\/span><\/li>\n<li><strong>2005 &#8211; 2008<\/strong> <em>Lernende Kauffrau EFZ<\/em>, Homburger AG, Z\u00fcrich<\/li>\n<\/ul>\n<\/div><div class=\"fusion-clearfix\"><\/div><\/div><\/div><div class=\"fusion-layout-column fusion_builder_column fusion-builder-column-4 fusion_builder_column_1_3 1_3 fusion-one-third fusion-column-last\" style=\"width:33.333333333333%;width:calc(33.333333333333% - ( ( 4% + 4% ) * 0.33333333333333 ) );margin-top:0px;margin-bottom:20px;\"><div class=\"fusion-column-wrapper fusion-flex-column-wrapper-legacy\" style=\"background-position:left top;background-repeat:no-repeat;-webkit-background-size:cover;-moz-background-size:cover;-o-background-size:cover;background-size:cover;padding: 0px 0px 0px 0px;\"><style type=\"text\/css\"><\/style><div class=\"fusion-title title fusion-title-3 sep-underline sep-dotted fusion-title-text fusion-title-size-three\" style=\"border-bottom-color:#e0dede;margin-top:20px;margin-right:0px;margin-bottom:20px;margin-left:0px;\"><h3 class=\"title-heading-left\" style=\"margin:0;\">Ausbildung<\/h3><\/div><div class=\"fusion-text fusion-text-6\"><ul>\n<li style=\"font-weight: 400;\"><span style=\"font-weight: 400;\"><strong>2024 &#8211; Heute<\/strong> Universit\u00e4t Basel (M.A. Studium in Gender Studies und Anthropology)<\/span><\/li>\n<li style=\"font-weight: 400;\"><span style=\"font-weight: 400;\"><strong>2022<\/strong> VQF GwG-Grundausbildungsseminar<\/span><\/li>\n<li style=\"font-weight: 400;\"><span style=\"font-weight: 400;\"><strong>2018 &#8211; 2024<\/strong> Universit\u00e4t Basel (B.A. in Gender Studies und Ethnologie)<\/span><\/li>\n<li style=\"font-weight: 400;\"><span style=\"font-weight: 400;\"><strong>2016<\/strong> Z\u00fcrcher Hochschule f\u00fcr angewandte Wissenschaften (BSc ZFH in Wirtschaftsrecht)<\/span><\/li>\n<li style=\"font-weight: 400;\"><span style=\"font-weight: 400;\"><strong>2010<\/strong> Sprachkurse in Perth and Noosa, AU (Cambridge Advanced Certificate)<\/span><\/li>\n<li style=\"font-weight: 400;\"><span style=\"font-weight: 400;\"><strong>2008<\/strong> KV Business School Z\u00fcrich (Kauffrau EFZ inkl. Berufsmatura)<\/span><\/li>\n<\/ul>\n<\/div><div class=\"fusion-clearfix\"><\/div><\/div><\/div><\/div><\/div>\n","protected":false},"excerpt":{"rendered":"","protected":false},"author":1,"featured_media":0,"parent":1529,"menu_order":0,"comment_status":"closed","ping_status":"closed","template":"","meta":{"_monsterinsights_skip_tracking":false,"_monsterinsights_sitenote_active":false,"_monsterinsights_sitenote_note":"","_monsterinsights_sitenote_category":0,"jetpack_post_was_ever_published":false,"footnotes":""},"class_list":["post-1563","page","type-page","status-publish","hentry"],"yoast_head":"<!-- This site is optimized with the Yoast SEO plugin v27.0 - https:\/\/yoast.com\/product\/yoast-seo-wordpress\/ -->\n<title>Rahel Liviero &#8211; Alithis | For trusts and non-profits we are your partner<\/title>\n<meta name=\"description\" content=\"For trusts and non-profits we are you partner\" \/>\n<meta name=\"robots\" content=\"index, follow, max-snippet:-1, max-image-preview:large, max-video-preview:-1\" \/>\n<link rel=\"canonical\" href=\"https:\/\/alithis.ch\/de\/team\/rahel-liviero\/\" \/>\n<meta property=\"og:locale\" content=\"de_DE\" \/>\n<meta property=\"og:type\" content=\"article\" \/>\n<meta property=\"og:title\" content=\"Rahel Liviero &#8211; Alithis | For trusts and non-profits we are your partner\" \/>\n<meta property=\"og:description\" content=\"For trusts and non-profits we are you partner\" \/>\n<meta property=\"og:url\" content=\"https:\/\/alithis.ch\/de\/team\/rahel-liviero\/\" \/>\n<meta property=\"og:site_name\" content=\"Alithis | For trusts and non-profits we are your partner\" \/>\n<meta property=\"article:modified_time\" content=\"2024-09-13T11:40:17+00:00\" \/>\n<meta name=\"twitter:card\" content=\"summary_large_image\" \/>\n<meta name=\"twitter:site\" content=\"@Alithis_Ltd\" \/>\n<meta name=\"twitter:label1\" content=\"Gesch\u00e4tzte Lesezeit\" \/>\n\t<meta name=\"twitter:data1\" content=\"4\u00a0Minuten\" \/>\n<script type=\"application\/ld+json\" class=\"yoast-schema-graph\">{\"@context\":\"https:\/\/schema.org\",\"@graph\":[{\"@type\":\"WebPage\",\"@id\":\"https:\/\/alithis.ch\/de\/team\/rahel-liviero\/\",\"url\":\"https:\/\/alithis.ch\/de\/team\/rahel-liviero\/\",\"name\":\"Rahel Liviero &#8211; Alithis | For trusts and non-profits we are your partner\",\"isPartOf\":{\"@id\":\"https:\/\/alithis.ch\/#website\"},\"datePublished\":\"2019-01-07T03:55:35+00:00\",\"dateModified\":\"2024-09-13T11:40:17+00:00\",\"description\":\"For trusts and non-profits we are you partner\",\"breadcrumb\":{\"@id\":\"https:\/\/alithis.ch\/de\/team\/rahel-liviero\/#breadcrumb\"},\"inLanguage\":\"de\",\"potentialAction\":[{\"@type\":\"ReadAction\",\"target\":[\"https:\/\/alithis.ch\/de\/team\/rahel-liviero\/\"]}]},{\"@type\":\"BreadcrumbList\",\"@id\":\"https:\/\/alithis.ch\/de\/team\/rahel-liviero\/#breadcrumb\",\"itemListElement\":[{\"@type\":\"ListItem\",\"position\":1,\"name\":\"Home\",\"item\":\"https:\/\/alithis.ch\/de\/\"},{\"@type\":\"ListItem\",\"position\":2,\"name\":\"Team\",\"item\":\"https:\/\/alithis.ch\/de\/team\/\"},{\"@type\":\"ListItem\",\"position\":3,\"name\":\"Rahel Liviero\"}]},{\"@type\":\"WebSite\",\"@id\":\"https:\/\/alithis.ch\/#website\",\"url\":\"https:\/\/alithis.ch\/\",\"name\":\"Alithis | For trusts and non-profits we are your partner\",\"description\":\"For trusts and non-profits we are your partner\",\"publisher\":{\"@id\":\"https:\/\/alithis.ch\/#organization\"},\"potentialAction\":[{\"@type\":\"SearchAction\",\"target\":{\"@type\":\"EntryPoint\",\"urlTemplate\":\"https:\/\/alithis.ch\/?s={search_term_string}\"},\"query-input\":{\"@type\":\"PropertyValueSpecification\",\"valueRequired\":true,\"valueName\":\"search_term_string\"}}],\"inLanguage\":\"de\"},{\"@type\":\"Organization\",\"@id\":\"https:\/\/alithis.ch\/#organization\",\"name\":\"Alithis AG\",\"url\":\"https:\/\/alithis.ch\/\",\"logo\":{\"@type\":\"ImageObject\",\"inLanguage\":\"de\",\"@id\":\"https:\/\/alithis.ch\/#\/schema\/logo\/image\/\",\"url\":\"https:\/\/i1.wp.com\/alithis.ch\/wp-content\/uploads\/2018\/10\/FINAL_Alithis_Logo_greenBG-01.png?fit=3508%2C944&ssl=1\",\"contentUrl\":\"https:\/\/i1.wp.com\/alithis.ch\/wp-content\/uploads\/2018\/10\/FINAL_Alithis_Logo_greenBG-01.png?fit=3508%2C944&ssl=1\",\"width\":3508,\"height\":944,\"caption\":\"Alithis AG\"},\"image\":{\"@id\":\"https:\/\/alithis.ch\/#\/schema\/logo\/image\/\"},\"sameAs\":[\"https:\/\/x.com\/Alithis_Ltd\",\"https:\/\/www.linkedin.com\/company\/alithis\/\"]}]}<\/script>\n<!-- \/ Yoast SEO plugin. -->","yoast_head_json":{"title":"Rahel Liviero &#8211; Alithis | For trusts and non-profits we are your partner","description":"For trusts and non-profits we are you partner","robots":{"index":"index","follow":"follow","max-snippet":"max-snippet:-1","max-image-preview":"max-image-preview:large","max-video-preview":"max-video-preview:-1"},"canonical":"https:\/\/alithis.ch\/de\/team\/rahel-liviero\/","og_locale":"de_DE","og_type":"article","og_title":"Rahel Liviero &#8211; Alithis | For trusts and non-profits we are your partner","og_description":"For trusts and non-profits we are you partner","og_url":"https:\/\/alithis.ch\/de\/team\/rahel-liviero\/","og_site_name":"Alithis | For trusts and non-profits we are your partner","article_modified_time":"2024-09-13T11:40:17+00:00","twitter_card":"summary_large_image","twitter_site":"@Alithis_Ltd","twitter_misc":{"Gesch\u00e4tzte Lesezeit":"4\u00a0Minuten"},"schema":{"@context":"https:\/\/schema.org","@graph":[{"@type":"WebPage","@id":"https:\/\/alithis.ch\/de\/team\/rahel-liviero\/","url":"https:\/\/alithis.ch\/de\/team\/rahel-liviero\/","name":"Rahel Liviero &#8211; Alithis | For trusts and non-profits we are your partner","isPartOf":{"@id":"https:\/\/alithis.ch\/#website"},"datePublished":"2019-01-07T03:55:35+00:00","dateModified":"2024-09-13T11:40:17+00:00","description":"For trusts and non-profits we are you partner","breadcrumb":{"@id":"https:\/\/alithis.ch\/de\/team\/rahel-liviero\/#breadcrumb"},"inLanguage":"de","potentialAction":[{"@type":"ReadAction","target":["https:\/\/alithis.ch\/de\/team\/rahel-liviero\/"]}]},{"@type":"BreadcrumbList","@id":"https:\/\/alithis.ch\/de\/team\/rahel-liviero\/#breadcrumb","itemListElement":[{"@type":"ListItem","position":1,"name":"Home","item":"https:\/\/alithis.ch\/de\/"},{"@type":"ListItem","position":2,"name":"Team","item":"https:\/\/alithis.ch\/de\/team\/"},{"@type":"ListItem","position":3,"name":"Rahel Liviero"}]},{"@type":"WebSite","@id":"https:\/\/alithis.ch\/#website","url":"https:\/\/alithis.ch\/","name":"Alithis | For trusts and non-profits we are your partner","description":"For trusts and non-profits we are your partner","publisher":{"@id":"https:\/\/alithis.ch\/#organization"},"potentialAction":[{"@type":"SearchAction","target":{"@type":"EntryPoint","urlTemplate":"https:\/\/alithis.ch\/?s={search_term_string}"},"query-input":{"@type":"PropertyValueSpecification","valueRequired":true,"valueName":"search_term_string"}}],"inLanguage":"de"},{"@type":"Organization","@id":"https:\/\/alithis.ch\/#organization","name":"Alithis AG","url":"https:\/\/alithis.ch\/","logo":{"@type":"ImageObject","inLanguage":"de","@id":"https:\/\/alithis.ch\/#\/schema\/logo\/image\/","url":"https:\/\/i1.wp.com\/alithis.ch\/wp-content\/uploads\/2018\/10\/FINAL_Alithis_Logo_greenBG-01.png?fit=3508%2C944&ssl=1","contentUrl":"https:\/\/i1.wp.com\/alithis.ch\/wp-content\/uploads\/2018\/10\/FINAL_Alithis_Logo_greenBG-01.png?fit=3508%2C944&ssl=1","width":3508,"height":944,"caption":"Alithis AG"},"image":{"@id":"https:\/\/alithis.ch\/#\/schema\/logo\/image\/"},"sameAs":["https:\/\/x.com\/Alithis_Ltd","https:\/\/www.linkedin.com\/company\/alithis\/"]}]}},"jetpack_shortlink":"https:\/\/wp.me\/P9UWbL-pd","jetpack_sharing_enabled":true,"jetpack-related-posts":[],"amp_enabled":true,"_links":{"self":[{"href":"https:\/\/alithis.ch\/de\/wp-json\/wp\/v2\/pages\/1563","targetHints":{"allow":["GET"]}}],"collection":[{"href":"https:\/\/alithis.ch\/de\/wp-json\/wp\/v2\/pages"}],"about":[{"href":"https:\/\/alithis.ch\/de\/wp-json\/wp\/v2\/types\/page"}],"author":[{"embeddable":true,"href":"https:\/\/alithis.ch\/de\/wp-json\/wp\/v2\/users\/1"}],"replies":[{"embeddable":true,"href":"https:\/\/alithis.ch\/de\/wp-json\/wp\/v2\/comments?post=1563"}],"version-history":[{"count":57,"href":"https:\/\/alithis.ch\/de\/wp-json\/wp\/v2\/pages\/1563\/revisions"}],"predecessor-version":[{"id":12191,"href":"https:\/\/alithis.ch\/de\/wp-json\/wp\/v2\/pages\/1563\/revisions\/12191"}],"up":[{"embeddable":true,"href":"https:\/\/alithis.ch\/de\/wp-json\/wp\/v2\/pages\/1529"}],"wp:attachment":[{"href":"https:\/\/alithis.ch\/de\/wp-json\/wp\/v2\/media?parent=1563"}],"curies":[{"name":"wp","href":"https:\/\/api.w.org\/{rel}","templated":true}]}}