{"id":12110,"date":"2024-09-12T14:52:05","date_gmt":"2024-09-12T12:52:05","guid":{"rendered":"https:\/\/alithis.ch\/team\/rahel-liviero-2\/"},"modified":"2024-09-12T15:57:35","modified_gmt":"2024-09-12T13:57:35","slug":"nikolina-micic","status":"publish","type":"page","link":"https:\/\/alithis.ch\/de\/team\/nikolina-micic\/","title":{"rendered":"Nikolina Micic"},"content":{"rendered":"<div class=\"fusion-fullwidth fullwidth-box fusion-builder-row-1 nonhundred-percent-fullwidth non-hundred-percent-height-scrolling\" style=\"background-color: rgba(255,255,255,0);background-position: center center;background-repeat: no-repeat;padding-top:0px;padding-right:0px;padding-bottom:0px;padding-left:0px;margin-bottom: 0px;margin-top: 0px;border-width: 0px 0px 0px 0px;border-color:#eae9e9;border-style:solid;\" ><div class=\"fusion-builder-row fusion-row\"><div class=\"fusion-layout-column fusion_builder_column fusion-builder-column-0 fusion_builder_column_1_2 1_2 fusion-one-half fusion-column-first\" style=\"width:50%;width:calc(50% - ( ( 4% ) * 0.5 ) );margin-right: 4%;margin-top:0px;margin-bottom:20px;\"><div class=\"fusion-column-wrapper fusion-flex-column-wrapper-legacy\" style=\"background-position:left top;background-repeat:no-repeat;-webkit-background-size:cover;-moz-background-size:cover;-o-background-size:cover;background-size:cover;padding: 0px 0px 0px 0px;\"><div class=\"imageframe-align-center\"><span class=\" fusion-imageframe imageframe-none imageframe-1 hover-type-none\" style=\"border-radius:50%;width:100%;max-width:350px;\"><a class=\"fusion-no-lightbox\" href=\"https:\/\/alithis.ch\/de\/uber-uns\/team\/nikolina-micic\/?lang=de\" target=\"_self\" aria-label=\"DSC_8511_Nikolina-final\"><img data-recalc-dims=\"1\" decoding=\"async\" width=\"1100\" height=\"1100\" src=\"https:\/\/i0.wp.com\/alithis.ch\/wp-content\/uploads\/2024\/09\/DSC_8511_Nikolina-final-scaled.jpg?resize=1100%2C1100&#038;ssl=1\" class=\"img-responsive wp-image-12085\" srcset=\"https:\/\/i0.wp.com\/alithis.ch\/wp-content\/uploads\/2024\/09\/DSC_8511_Nikolina-final-scaled.jpg?resize=66%2C66&amp;ssl=1 66w, https:\/\/i0.wp.com\/alithis.ch\/wp-content\/uploads\/2024\/09\/DSC_8511_Nikolina-final-scaled.jpg?resize=100%2C100&amp;ssl=1 100w, https:\/\/i0.wp.com\/alithis.ch\/wp-content\/uploads\/2024\/09\/DSC_8511_Nikolina-final-scaled.jpg?resize=150%2C150&amp;ssl=1 150w, https:\/\/i0.wp.com\/alithis.ch\/wp-content\/uploads\/2024\/09\/DSC_8511_Nikolina-final-scaled.jpg?resize=200%2C200&amp;ssl=1 200w, https:\/\/i0.wp.com\/alithis.ch\/wp-content\/uploads\/2024\/09\/DSC_8511_Nikolina-final-scaled.jpg?resize=300%2C300&amp;ssl=1 300w, https:\/\/i0.wp.com\/alithis.ch\/wp-content\/uploads\/2024\/09\/DSC_8511_Nikolina-final-scaled.jpg?resize=400%2C400&amp;ssl=1 400w, https:\/\/i0.wp.com\/alithis.ch\/wp-content\/uploads\/2024\/09\/DSC_8511_Nikolina-final-scaled.jpg?resize=500%2C500&amp;ssl=1 500w, https:\/\/i0.wp.com\/alithis.ch\/wp-content\/uploads\/2024\/09\/DSC_8511_Nikolina-final-scaled.jpg?resize=600%2C600&amp;ssl=1 600w, https:\/\/i0.wp.com\/alithis.ch\/wp-content\/uploads\/2024\/09\/DSC_8511_Nikolina-final-scaled.jpg?resize=700%2C700&amp;ssl=1 700w, https:\/\/i0.wp.com\/alithis.ch\/wp-content\/uploads\/2024\/09\/DSC_8511_Nikolina-final-scaled.jpg?resize=768%2C768&amp;ssl=1 768w, https:\/\/i0.wp.com\/alithis.ch\/wp-content\/uploads\/2024\/09\/DSC_8511_Nikolina-final-scaled.jpg?resize=800%2C800&amp;ssl=1 800w, https:\/\/i0.wp.com\/alithis.ch\/wp-content\/uploads\/2024\/09\/DSC_8511_Nikolina-final-scaled.jpg?resize=1024%2C1024&amp;ssl=1 1024w, https:\/\/i0.wp.com\/alithis.ch\/wp-content\/uploads\/2024\/09\/DSC_8511_Nikolina-final-scaled.jpg?resize=1200%2C1200&amp;ssl=1 1200w, https:\/\/i0.wp.com\/alithis.ch\/wp-content\/uploads\/2024\/09\/DSC_8511_Nikolina-final-scaled.jpg?resize=1536%2C1536&amp;ssl=1 1536w, https:\/\/i0.wp.com\/alithis.ch\/wp-content\/uploads\/2024\/09\/DSC_8511_Nikolina-final-scaled.jpg?w=2200&amp;ssl=1 2200w, https:\/\/i0.wp.com\/alithis.ch\/wp-content\/uploads\/2024\/09\/DSC_8511_Nikolina-final-scaled.jpg?w=2560&amp;ssl=1 2560w\" sizes=\"(max-width: 800px) 100vw, 600px\" \/><\/a><\/span><\/div><div class=\"fusion-clearfix\"><\/div><\/div><\/div><div class=\"fusion-layout-column fusion_builder_column fusion-builder-column-1 fusion_builder_column_1_2 1_2 fusion-one-half fusion-column-last\" style=\"width:50%;width:calc(50% - ( ( 4% ) * 0.5 ) );margin-top:0px;margin-bottom:20px;\"><div class=\"fusion-column-wrapper fusion-flex-column-wrapper-legacy\" style=\"background-position:left top;background-repeat:no-repeat;-webkit-background-size:cover;-moz-background-size:cover;-o-background-size:cover;background-size:cover;padding: 0px 0px 0px 0px;\"><div class=\"fusion-column-content-centered\"><div class=\"fusion-column-content\"><div class=\"fusion-text fusion-text-1\"><h2><span style=\"color: #007363;\">Nikolina Micic, Consultant<\/span><\/h2>\n<h3>Dipl. Rechtsfachfrau HF<\/h3>\n<\/div><div class=\"fusion-text fusion-text-2\"><p><span style=\"font-weight: 400;\">Nikolina ist Juristin mit umfangreicher Compliance-Expertise. In ihrer T\u00e4tigkeit im Legal- und Compliance-Bereich unterst\u00fctzte sie Verm\u00f6gensverwalter und Trustees als externe Compliance-Mitarbeiterin. In dieser Funktion f\u00fchrte sie die unabh\u00e4ngig Kontrollen gem\u00e4ss IKS durch, beriet die Kunden in regulatori-schen Belangen und bereitete Gesuche an FINMA, AO und SRO vor. Des Weiteren beherrscht sie mehrere Sprachen (DE\/EN\/IT\/SR).<\/span><\/p>\n<\/div><div class=\"fusion-sep-clear\"><\/div><div class=\"fusion-separator fusion-full-width-sep\" style=\"margin-left: auto;margin-right: auto;margin-top:20px;margin-bottom:20px;width:100%;\"><\/div><div class=\"fusion-sep-clear\"><\/div><div class=\"fusion-social-links\"><div class=\"fusion-social-networks\"><div class=\"fusion-social-networks-wrapper\"><a class=\"fusion-social-network-icon fusion-tooltip fusion-linkedin fusion-icon-linkedin\" style=\"color:#bebdbd;font-size:16px;\" data-placement=\"top\" data-title=\"LinkedIn\" data-toggle=\"tooltip\" title=\"LinkedIn\" aria-label=\"linkedin\" target=\"_blank\" rel=\"noopener noreferrer\" href=\"https:\/\/www.linkedin.com\/in\/nikolina-micic-4480a0193\/\"><\/a><a class=\"fusion-social-network-icon fusion-tooltip fusion-mail fusion-icon-mail\" style=\"color:#bebdbd;font-size:16px;\" data-placement=\"top\" data-title=\"Email\" data-toggle=\"tooltip\" title=\"Email\" aria-label=\"mail\" target=\"_blank\" rel=\"noopener noreferrer\" href=\"mailto:n&#105;koli&#110;&#097;&#046;mici&#099;&#064;&#097;l&#105;th&#105;s&#046;c&#104;\"><\/a><\/div><\/div><\/div><div class=\"fusion-sep-clear\"><\/div><div class=\"fusion-separator fusion-full-width-sep\" style=\"margin-left: auto;margin-right: auto;margin-top:20px;margin-bottom:20px;width:100%;\"><\/div><div class=\"fusion-sep-clear\"><\/div><div class=\"fusion-builder-row fusion-builder-row-inner fusion-row\"><div class=\"fusion-layout-column fusion_builder_column_inner fusion-builder-nested-column-0 fusion_builder_column_inner_1_2 1_2 fusion-one-half fusion-column-first\" style=\"width:50%;width:calc(50% - ( ( 4% + 4% ) * 0.5 ) );margin-right: 4%;margin-top:0px;margin-bottom:20px;\"><div class=\"fusion-column-wrapper fusion-flex-column-wrapper-legacy\" style=\"background-position:left top;background-repeat:no-repeat;-webkit-background-size:cover;-moz-background-size:cover;-o-background-size:cover;background-size:cover;padding: 0px 0px 0px 0px;\"><div class=\"fusion-text fusion-text-3\"><p><span style=\"color: #007363;\"><a style=\"color: #007363;\" href=\"mailto:nikolina.micic@alithis.ch\">nikolina.micic@alithis.ch<\/a><\/span><br \/>\n<span style=\"color: #007363;\"><a style=\"color: #007363;\" href=\"tel:+41445204014\">+41 44 520 40 14<\/a><\/span><\/p>\n<\/div><div class=\"fusion-clearfix\"><\/div><\/div><\/div><div class=\"fusion-layout-column fusion_builder_column_inner fusion-builder-nested-column-1 fusion_builder_column_inner_1_4 1_4 fusion-one-fourth\" style=\"width:25%;width:calc(25% - ( ( 4% + 4% ) * 0.25 ) );margin-right: 4%;margin-top:0px;margin-bottom:20px;\"><div class=\"fusion-column-wrapper fusion-flex-column-wrapper-legacy\" style=\"background-position:left top;background-repeat:no-repeat;-webkit-background-size:cover;-moz-background-size:cover;-o-background-size:cover;background-size:cover;padding: 0px 0px 0px 0px;\"><div class=\"fusion-button-wrapper\"><style type=\"text\/css\">.fusion-button.button-1 {border-radius:0px;}.fusion-button.button-1 .fusion-button-text {text-transform:none;}<\/style><a class=\"fusion-button button-flat button-small button-default button-1 fusion-button-span-no fusion-button-default-type\" target=\"_self\" href=\"https:\/\/alithis.ch\/wp-content\/uploads\/2024\/09\/20240911-Alithis-CV-DEU-Nikolina-Micic-1.pdf\"><span class=\"fusion-button-text\">Download CV<\/span><\/a><\/div><div class=\"fusion-clearfix\"><\/div><\/div><\/div><div class=\"fusion-layout-column fusion_builder_column_inner fusion-builder-nested-column-2 fusion_builder_column_inner_1_4 1_4 fusion-one-fourth fusion-column-last\" style=\"width:25%;width:calc(25% - ( ( 4% + 4% ) * 0.25 ) );margin-top:0px;margin-bottom:20px;\"><div class=\"fusion-column-wrapper fusion-flex-column-wrapper-legacy\" style=\"background-position:left top;background-repeat:no-repeat;-webkit-background-size:cover;-moz-background-size:cover;-o-background-size:cover;background-size:cover;padding: 0px 0px 0px 0px;\"><div class=\"fusion-button-wrapper\"><style type=\"text\/css\">.fusion-button.button-2 {border-radius:0px;}<\/style><a class=\"fusion-button button-flat button-small button-default button-2 fusion-button-span-no fusion-button-default-type\" target=\"_self\"><span class=\"fusion-button-text\">vCard<\/span><\/a><\/div><div class=\"fusion-clearfix\"><\/div><\/div><\/div><\/div><\/div><\/div><div class=\"fusion-clearfix\"><\/div><\/div><\/div><div class=\"fusion-layout-column fusion_builder_column fusion-builder-column-2 fusion_builder_column_1_3 1_3 fusion-one-third fusion-column-first\" style=\"width:33.333333333333%;width:calc(33.333333333333% - ( ( 4% + 4% ) * 0.33333333333333 ) );margin-right: 4%;margin-top:0px;margin-bottom:20px;\"><div class=\"fusion-column-wrapper fusion-flex-column-wrapper-legacy\" style=\"background-position:left top;background-repeat:no-repeat;-webkit-background-size:cover;-moz-background-size:cover;-o-background-size:cover;background-size:cover;padding: 0px 0px 0px 0px;\"><style type=\"text\/css\"><\/style><div class=\"fusion-title title fusion-title-1 sep-underline sep-dotted fusion-title-text fusion-title-size-three\" style=\"border-bottom-color:#e0dede;margin-top:20px;margin-right:0px;margin-bottom:20px;margin-left:0px;\"><h3 class=\"title-heading-left\" style=\"margin:0;\">Thematische Schwerpunkte<\/h3><\/div><div class=\"fusion-text fusion-text-4\"><ul class=\"listing\">\n<li style=\"font-weight: 400;\"><span style=\"font-weight: 400;\">Finanzmarktregulierung (Schwerpunkt Trustees, Verm\u00f6gensverwalter)<\/span><\/li>\n<li>Geldw\u00e4schereiregulierung<\/li>\n<li>Cross border<\/li>\n<li>Governance und Outsourcing<\/li>\n<li>Datenschutz<\/li>\n<li>Cybersecurity\/IT<\/li>\n<\/ul>\n<\/div><div class=\"fusion-clearfix\"><\/div><\/div><\/div><div class=\"fusion-layout-column fusion_builder_column fusion-builder-column-3 fusion_builder_column_1_3 1_3 fusion-one-third\" style=\"width:33.333333333333%;width:calc(33.333333333333% - ( ( 4% + 4% ) * 0.33333333333333 ) );margin-right: 4%;margin-top:0px;margin-bottom:20px;\"><div class=\"fusion-column-wrapper fusion-flex-column-wrapper-legacy\" style=\"background-position:left top;background-repeat:no-repeat;-webkit-background-size:cover;-moz-background-size:cover;-o-background-size:cover;background-size:cover;padding: 0px 0px 0px 0px;\"><style type=\"text\/css\"><\/style><div class=\"fusion-title title fusion-title-2 sep-underline sep-dotted fusion-title-text fusion-title-size-three\" style=\"border-bottom-color:#e0dede;margin-top:20px;margin-right:0px;margin-bottom:20px;margin-left:0px;\"><h3 class=\"title-heading-left\" style=\"margin:0;\">Arbeitserfahrung<\/h3><\/div><div class=\"fusion-text fusion-text-5\"><ul>\n<li style=\"font-weight: 400;\"><strong>2024 \u2013 <\/strong><span style=\"font-weight: 400;\"><strong>Heute<\/strong><\/span><i><span style=\"font-weight: 400;\"> Consultant<\/span><\/i><span style=\"font-weight: 400;\">, Alithis AG, Z\u00fcrich<\/span><\/li>\n<li style=\"font-weight: 400;\"><strong>2023 \u2013 2024<\/strong><i><span style=\"font-weight: 400;\"> Junior Consultant<\/span><\/i><span style=\"font-weight: 400;\">, SwissComply AG, Z\u00fcrich<\/span><\/li>\n<li style=\"font-weight: 400;\"><span style=\"font-weight: 400;\"><strong>2017 \u2013 2023<\/strong><\/span> <i><span style=\"font-weight: 400;\">Human Resources and Executive Assistant<\/span><\/i><span style=\"font-weight: 400;\">, Evangelisches Pflege- und Altersheim, Thusis<\/span><\/li>\n<\/ul>\n<\/div><div class=\"fusion-clearfix\"><\/div><\/div><\/div><div class=\"fusion-layout-column fusion_builder_column fusion-builder-column-4 fusion_builder_column_1_3 1_3 fusion-one-third fusion-column-last\" style=\"width:33.333333333333%;width:calc(33.333333333333% - ( ( 4% + 4% ) * 0.33333333333333 ) );margin-top:0px;margin-bottom:20px;\"><div class=\"fusion-column-wrapper fusion-flex-column-wrapper-legacy\" style=\"background-position:left top;background-repeat:no-repeat;-webkit-background-size:cover;-moz-background-size:cover;-o-background-size:cover;background-size:cover;padding: 0px 0px 0px 0px;\"><style type=\"text\/css\"><\/style><div class=\"fusion-title title fusion-title-3 sep-underline sep-dotted fusion-title-text fusion-title-size-three\" style=\"border-bottom-color:#e0dede;margin-top:20px;margin-right:0px;margin-bottom:20px;margin-left:0px;\"><h3 class=\"title-heading-left\" style=\"margin:0;\">Ausbildung<\/h3><\/div><div class=\"fusion-text fusion-text-6\"><ul>\n<li style=\"font-weight: 400;\"><span style=\"font-weight: 400;\"><strong>2022<\/strong> Recht, Rechtsfachfrau, HWSGR, Graub\u00fcnden <\/span><\/li>\n<li style=\"font-weight: 400;\"><span style=\"font-weight: 400;\"><strong>2015<\/strong> Milner School of English Wimbledon \/ London, UK<\/span><\/li>\n<li style=\"font-weight: 400;\"><span style=\"font-weight: 400;\"><strong>2014<\/strong> Kauffrau E-Profil, Wirtschaftsschule, Graub\u00fcnden<\/span><\/li>\n<\/ul>\n<\/div><div class=\"fusion-clearfix\"><\/div><\/div><\/div><\/div><\/div>\n","protected":false},"excerpt":{"rendered":"","protected":false},"author":1,"featured_media":0,"parent":1529,"menu_order":0,"comment_status":"closed","ping_status":"closed","template":"","meta":{"_monsterinsights_skip_tracking":false,"_monsterinsights_sitenote_active":false,"_monsterinsights_sitenote_note":"","_monsterinsights_sitenote_category":0,"footnotes":""},"class_list":["post-12110","page","type-page","status-publish","hentry"],"yoast_head":"<!-- This site is optimized with the Yoast SEO plugin v27.4 - https:\/\/yoast.com\/product\/yoast-seo-wordpress\/ -->\n<title>Nikolina Micic &#8211; Alithis | For trusts and non-profits we are your partner<\/title>\n<meta name=\"description\" content=\"For trusts and non-profits we are you partner\" \/>\n<meta name=\"robots\" content=\"index, follow, max-snippet:-1, max-image-preview:large, max-video-preview:-1\" \/>\n<link rel=\"canonical\" href=\"https:\/\/alithis.ch\/de\/team\/nikolina-micic\/\" \/>\n<meta property=\"og:locale\" content=\"de_DE\" \/>\n<meta property=\"og:type\" content=\"article\" \/>\n<meta property=\"og:title\" content=\"Nikolina Micic &#8211; Alithis | For trusts and non-profits we are your partner\" \/>\n<meta property=\"og:description\" content=\"For trusts and non-profits we are you partner\" \/>\n<meta property=\"og:url\" content=\"https:\/\/alithis.ch\/de\/team\/nikolina-micic\/\" \/>\n<meta property=\"og:site_name\" content=\"Alithis | For trusts and non-profits we are your partner\" \/>\n<meta property=\"article:modified_time\" content=\"2024-09-12T13:57:35+00:00\" \/>\n<meta name=\"twitter:card\" content=\"summary_large_image\" \/>\n<meta name=\"twitter:site\" content=\"@Alithis_Ltd\" \/>\n<meta name=\"twitter:label1\" content=\"Gesch\u00e4tzte Lesezeit\" \/>\n\t<meta name=\"twitter:data1\" content=\"4\u00a0Minuten\" \/>\n<script type=\"application\/ld+json\" class=\"yoast-schema-graph\">{\"@context\":\"https:\\\/\\\/schema.org\",\"@graph\":[{\"@type\":\"WebPage\",\"@id\":\"https:\\\/\\\/alithis.ch\\\/de\\\/team\\\/nikolina-micic\\\/\",\"url\":\"https:\\\/\\\/alithis.ch\\\/de\\\/team\\\/nikolina-micic\\\/\",\"name\":\"Nikolina Micic &#8211; Alithis | For trusts and non-profits we are your partner\",\"isPartOf\":{\"@id\":\"https:\\\/\\\/alithis.ch\\\/#website\"},\"datePublished\":\"2024-09-12T12:52:05+00:00\",\"dateModified\":\"2024-09-12T13:57:35+00:00\",\"description\":\"For trusts and non-profits we are you partner\",\"breadcrumb\":{\"@id\":\"https:\\\/\\\/alithis.ch\\\/de\\\/team\\\/nikolina-micic\\\/#breadcrumb\"},\"inLanguage\":\"de\",\"potentialAction\":[{\"@type\":\"ReadAction\",\"target\":[\"https:\\\/\\\/alithis.ch\\\/de\\\/team\\\/nikolina-micic\\\/\"]}]},{\"@type\":\"BreadcrumbList\",\"@id\":\"https:\\\/\\\/alithis.ch\\\/de\\\/team\\\/nikolina-micic\\\/#breadcrumb\",\"itemListElement\":[{\"@type\":\"ListItem\",\"position\":1,\"name\":\"Home\",\"item\":\"https:\\\/\\\/alithis.ch\\\/de\\\/\"},{\"@type\":\"ListItem\",\"position\":2,\"name\":\"Team\",\"item\":\"https:\\\/\\\/alithis.ch\\\/de\\\/team\\\/\"},{\"@type\":\"ListItem\",\"position\":3,\"name\":\"Nikolina Micic\"}]},{\"@type\":\"WebSite\",\"@id\":\"https:\\\/\\\/alithis.ch\\\/#website\",\"url\":\"https:\\\/\\\/alithis.ch\\\/\",\"name\":\"Alithis | For trusts and non-profits we are your partner\",\"description\":\"For trusts and non-profits we are your partner\",\"publisher\":{\"@id\":\"https:\\\/\\\/alithis.ch\\\/#organization\"},\"potentialAction\":[{\"@type\":\"SearchAction\",\"target\":{\"@type\":\"EntryPoint\",\"urlTemplate\":\"https:\\\/\\\/alithis.ch\\\/?s={search_term_string}\"},\"query-input\":{\"@type\":\"PropertyValueSpecification\",\"valueRequired\":true,\"valueName\":\"search_term_string\"}}],\"inLanguage\":\"de\"},{\"@type\":\"Organization\",\"@id\":\"https:\\\/\\\/alithis.ch\\\/#organization\",\"name\":\"Alithis AG\",\"url\":\"https:\\\/\\\/alithis.ch\\\/\",\"logo\":{\"@type\":\"ImageObject\",\"inLanguage\":\"de\",\"@id\":\"https:\\\/\\\/alithis.ch\\\/#\\\/schema\\\/logo\\\/image\\\/\",\"url\":\"https:\\\/\\\/i1.wp.com\\\/alithis.ch\\\/wp-content\\\/uploads\\\/2018\\\/10\\\/FINAL_Alithis_Logo_greenBG-01.png?fit=3508%2C944&ssl=1\",\"contentUrl\":\"https:\\\/\\\/i1.wp.com\\\/alithis.ch\\\/wp-content\\\/uploads\\\/2018\\\/10\\\/FINAL_Alithis_Logo_greenBG-01.png?fit=3508%2C944&ssl=1\",\"width\":3508,\"height\":944,\"caption\":\"Alithis AG\"},\"image\":{\"@id\":\"https:\\\/\\\/alithis.ch\\\/#\\\/schema\\\/logo\\\/image\\\/\"},\"sameAs\":[\"https:\\\/\\\/x.com\\\/Alithis_Ltd\",\"https:\\\/\\\/www.linkedin.com\\\/company\\\/alithis\\\/\"]}]}<\/script>\n<!-- \/ Yoast SEO plugin. -->","yoast_head_json":{"title":"Nikolina Micic &#8211; Alithis | For trusts and non-profits we are your partner","description":"For trusts and non-profits we are you partner","robots":{"index":"index","follow":"follow","max-snippet":"max-snippet:-1","max-image-preview":"max-image-preview:large","max-video-preview":"max-video-preview:-1"},"canonical":"https:\/\/alithis.ch\/de\/team\/nikolina-micic\/","og_locale":"de_DE","og_type":"article","og_title":"Nikolina Micic &#8211; Alithis | For trusts and non-profits we are your partner","og_description":"For trusts and non-profits we are you partner","og_url":"https:\/\/alithis.ch\/de\/team\/nikolina-micic\/","og_site_name":"Alithis | For trusts and non-profits we are your partner","article_modified_time":"2024-09-12T13:57:35+00:00","twitter_card":"summary_large_image","twitter_site":"@Alithis_Ltd","twitter_misc":{"Gesch\u00e4tzte Lesezeit":"4\u00a0Minuten"},"schema":{"@context":"https:\/\/schema.org","@graph":[{"@type":"WebPage","@id":"https:\/\/alithis.ch\/de\/team\/nikolina-micic\/","url":"https:\/\/alithis.ch\/de\/team\/nikolina-micic\/","name":"Nikolina Micic &#8211; Alithis | For trusts and non-profits we are your partner","isPartOf":{"@id":"https:\/\/alithis.ch\/#website"},"datePublished":"2024-09-12T12:52:05+00:00","dateModified":"2024-09-12T13:57:35+00:00","description":"For trusts and non-profits we are you partner","breadcrumb":{"@id":"https:\/\/alithis.ch\/de\/team\/nikolina-micic\/#breadcrumb"},"inLanguage":"de","potentialAction":[{"@type":"ReadAction","target":["https:\/\/alithis.ch\/de\/team\/nikolina-micic\/"]}]},{"@type":"BreadcrumbList","@id":"https:\/\/alithis.ch\/de\/team\/nikolina-micic\/#breadcrumb","itemListElement":[{"@type":"ListItem","position":1,"name":"Home","item":"https:\/\/alithis.ch\/de\/"},{"@type":"ListItem","position":2,"name":"Team","item":"https:\/\/alithis.ch\/de\/team\/"},{"@type":"ListItem","position":3,"name":"Nikolina Micic"}]},{"@type":"WebSite","@id":"https:\/\/alithis.ch\/#website","url":"https:\/\/alithis.ch\/","name":"Alithis | For trusts and non-profits we are your partner","description":"For trusts and non-profits we are your partner","publisher":{"@id":"https:\/\/alithis.ch\/#organization"},"potentialAction":[{"@type":"SearchAction","target":{"@type":"EntryPoint","urlTemplate":"https:\/\/alithis.ch\/?s={search_term_string}"},"query-input":{"@type":"PropertyValueSpecification","valueRequired":true,"valueName":"search_term_string"}}],"inLanguage":"de"},{"@type":"Organization","@id":"https:\/\/alithis.ch\/#organization","name":"Alithis AG","url":"https:\/\/alithis.ch\/","logo":{"@type":"ImageObject","inLanguage":"de","@id":"https:\/\/alithis.ch\/#\/schema\/logo\/image\/","url":"https:\/\/i1.wp.com\/alithis.ch\/wp-content\/uploads\/2018\/10\/FINAL_Alithis_Logo_greenBG-01.png?fit=3508%2C944&ssl=1","contentUrl":"https:\/\/i1.wp.com\/alithis.ch\/wp-content\/uploads\/2018\/10\/FINAL_Alithis_Logo_greenBG-01.png?fit=3508%2C944&ssl=1","width":3508,"height":944,"caption":"Alithis AG"},"image":{"@id":"https:\/\/alithis.ch\/#\/schema\/logo\/image\/"},"sameAs":["https:\/\/x.com\/Alithis_Ltd","https:\/\/www.linkedin.com\/company\/alithis\/"]}]}},"jetpack_shortlink":"https:\/\/wp.me\/P9UWbL-39k","jetpack_sharing_enabled":true,"jetpack-related-posts":[],"amp_enabled":true,"_links":{"self":[{"href":"https:\/\/alithis.ch\/de\/wp-json\/wp\/v2\/pages\/12110","targetHints":{"allow":["GET"]}}],"collection":[{"href":"https:\/\/alithis.ch\/de\/wp-json\/wp\/v2\/pages"}],"about":[{"href":"https:\/\/alithis.ch\/de\/wp-json\/wp\/v2\/types\/page"}],"author":[{"embeddable":true,"href":"https:\/\/alithis.ch\/de\/wp-json\/wp\/v2\/users\/1"}],"replies":[{"embeddable":true,"href":"https:\/\/alithis.ch\/de\/wp-json\/wp\/v2\/comments?post=12110"}],"version-history":[{"count":4,"href":"https:\/\/alithis.ch\/de\/wp-json\/wp\/v2\/pages\/12110\/revisions"}],"predecessor-version":[{"id":12114,"href":"https:\/\/alithis.ch\/de\/wp-json\/wp\/v2\/pages\/12110\/revisions\/12114"}],"up":[{"embeddable":true,"href":"https:\/\/alithis.ch\/de\/wp-json\/wp\/v2\/pages\/1529"}],"wp:attachment":[{"href":"https:\/\/alithis.ch\/de\/wp-json\/wp\/v2\/media?parent=12110"}],"curies":[{"name":"wp","href":"https:\/\/api.w.org\/{rel}","templated":true}]}}